{"id":55,"date":"2024-02-27T14:37:30","date_gmt":"2024-02-27T17:37:30","guid":{"rendered":"https:\/\/senhorapps.com\/?page_id=55"},"modified":"2024-02-27T14:37:30","modified_gmt":"2024-02-27T17:37:30","slug":"politica-de-privacidade","status":"publish","type":"page","link":"https:\/\/senhorapps.com\/bs\/politica-de-privacidade\/","title":{"rendered":"Politika privatnosti"},"content":{"rendered":"<h2><span style=\"color: rgb(68, 68, 68);\">Politika privatnosti<\/span><\/h2><p><span style=\"color: rgb(68, 68, 68);\">Va\u0161a privatnost nam je va\u017ena. Politika kompanije Senhor Apps je da po\u0161tuje va\u0161u privatnost u vezi sa svim informacijama koje mo\u017eemo prikupiti od vas putem na\u0161e web stranice. <a href=\"https:\/\/senhorapps.com\/bs\/\">g. Apps<\/a>, i druge web stranice koje posjedujemo i kojima upravljamo.<\/span><\/p><p><span style=\"color: rgb(68, 68, 68);\">Li\u010dne podatke tra\u017eimo samo kada su nam zaista potrebni da bismo vam pru\u017eili uslugu. To \u010dinimo na po\u0161ten i zakonit na\u010din, uz va\u0161e znanje i pristanak. Tako\u0111er vas obavje\u0161tavamo za\u0161to ih prikupljamo i kako \u0107e se koristiti.<\/span><\/p><p><span style=\"color: rgb(68, 68, 68);\">Prikupljene podatke \u010duvamo samo onoliko dugo koliko je potrebno da bismo vam pru\u017eili tra\u017eenu uslugu. Podatke koje pohranjujemo za\u0161titit \u0107emo komercijalno prihvatljivim sredstvima kako bismo sprije\u010dili gubitak i kra\u0111u, kao i neovla\u0161teni pristup, otkrivanje, kopiranje, kori\u0161tenje ili izmjenu.<\/span><\/p><p><span style=\"color: rgb(68, 68, 68);\">Ne dijelimo nikakve li\u010dne podatke javno ili sa tre\u0107im stranama, osim kada je to zakonski obavezno.<\/span><\/p><p><span style=\"color: rgb(68, 68, 68);\">Na\u0161a web stranica mo\u017ee sadr\u017eavati veze do vanjskih web stranica kojima ne upravljamo mi. Imajte na umu da nemamo kontrolu nad sadr\u017eajem i praksama ovih stranica i ne mo\u017eemo preuzeti odgovornost za njihove&nbsp;<\/span><a href=\"https:\/\/politicaprivacidade.com\/\" rel=\"noopener noreferrer\" target=\"_blank\" style=\"background-color: transparent; color: rgb(68, 68, 68);\">pravila o privatnosti<\/a><span style=\"color: rgb(68, 68, 68);\">.<\/span><\/p><p><span style=\"color: rgb(68, 68, 68);\">Slobodni ste odbiti na\u0161 zahtjev za va\u0161im li\u010dnim podacima, uz razumijevanje da vam mo\u017eda ne\u0107emo mo\u0107i pru\u017eiti neke od \u017eeljenih usluga.<\/span><\/p><p><span style=\"color: rgb(68, 68, 68);\">Va\u0161e daljnje kori\u0161tenje na\u0161e web stranice smatrat \u0107e se prihvatanjem na\u0161ih praksi u vezi s privatno\u0161\u0107u i li\u010dnim podacima. Ako imate bilo kakvih pitanja o tome kako postupamo s korisni\u010dkim podacima i li\u010dnim informacijama, molimo vas da nas kontaktirate.<\/span><\/p><p><span style=\"color: rgb(68, 68, 68);\"><ul><li><span style=\"color: rgb(68, 68, 68);\">Usluga Google AdSense koju koristimo za prikazivanje oglasa koristi DoubleClick kola\u010di\u0107 kako bi prikazivala relevantnije oglase na webu i ograni\u010dila broj prikazivanja odre\u0111enog oglasa.<\/span><\/li><li><span style=\"color: rgb(68, 68, 68);\">Za vi\u0161e informacija o Google AdSenseu, pogledajte slu\u017ebena \u010cesto postavljana pitanja o privatnosti za Google AdSense.<\/span><\/li><li><span style=\"color: rgb(68, 68, 68);\">Koristimo oglase kako bismo pokrili tro\u0161kove odr\u017eavanja ove web stranice i osigurali finansiranje za budu\u0107i razvoj. Kola\u010di\u0107i za bihevioralno ogla\u0161avanje koje koristi ova stranica osmi\u0161ljeni su kako bismo vam osigurali najrelevantnije oglase gdje je to mogu\u0107e anonimnim pra\u0107enjem va\u0161ih interesa i predstavljanjem sli\u010dnih stvari koje bi vas mogle zanimati.<\/span><\/li><li><span style=\"color: rgb(68, 68, 68);\">Nekoliko partnera se ogla\u0161ava u na\u0161e ime, a kola\u010di\u0107i za pra\u0107enje pridru\u017eenih partnera nam jednostavno omogu\u0107avaju da vidimo jesu li na\u0161i kupci do\u0161li na stranicu putem neke od partnerskih stranica kako bismo ih mogli na odgovaraju\u0107i na\u010din kreditirati i, gdje je to primjenjivo, omogu\u0107iti na\u0161im pridru\u017eenim partnerima da vam daju bilo kakav bonus koji vam mogu dati za kupovinu.<\/span><\/li><\/ul><p><br><\/p><\/span><\/p><h3><span style=\"color: rgb(68, 68, 68);\">Obaveza korisnika<\/span><\/h3><p><span style=\"color: rgb(68, 68, 68);\">Korisnik se obavezuje da \u0107e na odgovaraju\u0107i na\u010din koristiti sadr\u017eaj i informacije koje Senhor Apps nudi na web stranici i, na primjer, ali ne ograni\u010davaju\u0107i se na:<\/span><\/p><ul><li><span style=\"color: rgb(68, 68, 68);\">A) Ne baviti se aktivnostima koje su nezakonite ili suprotne dobroj vjeri i javnom redu;<\/span><\/li><li><span style=\"color: rgb(68, 68, 68);\">B) Ne \u0161irite propagandu ili sadr\u017eaj rasisti\u010dke, ksenofobne prirode, <\/span><span style=\"color: rgb(33, 37, 41);\"><a href='https:\/\/betnacionalbrasil.br.com' style='color:inherit !important; text-decoration: none !important; font-size: inherit !important;'>Nacionalna opklada<\/a><\/span><span style=\"color: rgb(68, 68, 68);\"> ili lo\u0161a sre\u0107a, bilo koja vrsta ilegalne pornografije, u znak podr\u0161ke terorizmu ili protiv ljudskih prava;<\/span><\/li><li><span style=\"color: rgb(68, 68, 68);\">C) Ne\u0107e o\u0161tetiti fizi\u010dke (hardverske) i logi\u010dke (softverske) sisteme Senhor Apps-a, njegovih dobavlja\u010da ili tre\u0107ih strana, niti \u0107e uvoditi ili \u0161iriti ra\u010dunarske viruse ili bilo koje druge hardverske ili softverske sisteme koji mogu uzrokovati gore navedenu \u0161tetu.<\/span><\/li><\/ul><h3><span style=\"color: rgb(68, 68, 68);\">Vi\u0161e informacija<\/span><\/h3><p><span style=\"color: rgb(68, 68, 68);\">Nadam se da vam je ovo razjasnilo stvari i, kao \u0161to je prethodno spomenuto, ako postoji ne\u0161to za \u0161to niste sigurni da li vam je potrebno ili ne, obi\u010dno je sigurnije ostaviti kola\u010di\u0107e omogu\u0107ene u slu\u010daju da to uti\u010de na neku od funkcija koje koristite na na\u0161oj web stranici.<\/span><\/p><p><span style=\"color: rgb(68, 68, 68);\">Ova politika stupa na snagu 27. februara 2024. u 17:36.<\/span><\/p>","protected":false},"excerpt":{"rendered":"<p>Pol\u00edtica Privacidade A sua privacidade \u00e9 importante para n\u00f3s. \u00c9 pol\u00edtica do Senhor Apps respeitar a sua privacidade em rela\u00e7\u00e3o a qualquer informa\u00e7\u00e3o sua que possamos coletar no site Senhor Apps, e outros sites que possu\u00edmos e operamos. Solicitamos informa\u00e7\u00f5es pessoais apenas quando realmente precisamos delas para lhe fornecer um servi\u00e7o. Fazemo-lo por meios justos &hellip; <\/p>","protected":false},"author":10,"featured_media":0,"parent":0,"menu_order":0,"comment_status":"closed","ping_status":"closed","template":"","meta":{"footnotes":""},"class_list":["post-55","page","type-page","status-publish","hentry","latest_post"],"yoast_head":"<!-- This site is optimized with the Yoast SEO plugin v26.8 - https:\/\/yoast.com\/product\/yoast-seo-wordpress\/ -->\n<title>Pol\u00edtica de Privacidade - Senhor Apps<\/title>\n<meta name=\"robots\" content=\"index, follow, max-snippet:-1, max-image-preview:large, max-video-preview:-1\" \/>\n<link rel=\"canonical\" href=\"https:\/\/senhorapps.com\/bs\/politica-de-privacidade\/\" \/>\n<meta property=\"og:locale\" content=\"bs_BA\" \/>\n<meta property=\"og:type\" content=\"article\" \/>\n<meta property=\"og:title\" content=\"Pol\u00edtica de Privacidade - Senhor Apps\" \/>\n<meta property=\"og:description\" content=\"Pol\u00edtica Privacidade A sua privacidade \u00e9 importante para n\u00f3s. \u00c9 pol\u00edtica do Senhor Apps respeitar a sua privacidade em rela\u00e7\u00e3o a qualquer informa\u00e7\u00e3o sua que possamos coletar no site Senhor Apps, e outros sites que possu\u00edmos e operamos. Solicitamos informa\u00e7\u00f5es pessoais apenas quando realmente precisamos delas para lhe fornecer um servi\u00e7o. Fazemo-lo por meios justos &hellip;\" \/>\n<meta property=\"og:url\" content=\"https:\/\/senhorapps.com\/bs\/politica-de-privacidade\/\" \/>\n<meta property=\"og:site_name\" content=\"Senhor Apps\" \/>\n<meta name=\"twitter:card\" content=\"summary_large_image\" \/>\n<meta name=\"twitter:label1\" content=\"Est. reading time\" \/>\n\t<meta name=\"twitter:data1\" content=\"3 minute\" \/>\n<script type=\"application\/ld+json\" class=\"yoast-schema-graph\">{\"@context\":\"https:\/\/schema.org\",\"@graph\":[{\"@type\":\"WebPage\",\"@id\":\"https:\/\/senhorapps.com\/politica-de-privacidade\/\",\"url\":\"https:\/\/senhorapps.com\/politica-de-privacidade\/\",\"name\":\"Pol\u00edtica de Privacidade - Senhor Apps\",\"isPartOf\":{\"@id\":\"https:\/\/senhorapps.com\/en\/#website\"},\"datePublished\":\"2024-02-27T17:37:30+00:00\",\"breadcrumb\":{\"@id\":\"https:\/\/senhorapps.com\/politica-de-privacidade\/#breadcrumb\"},\"inLanguage\":\"bs-BA\",\"potentialAction\":[{\"@type\":\"ReadAction\",\"target\":[\"https:\/\/senhorapps.com\/politica-de-privacidade\/\"]}]},{\"@type\":\"BreadcrumbList\",\"@id\":\"https:\/\/senhorapps.com\/politica-de-privacidade\/#breadcrumb\",\"itemListElement\":[{\"@type\":\"ListItem\",\"position\":1,\"name\":\"Home\",\"item\":\"https:\/\/senhorapps.com\/en\/\"},{\"@type\":\"ListItem\",\"position\":2,\"name\":\"Pol\u00edtica de Privacidade\"}]},{\"@type\":\"WebSite\",\"@id\":\"https:\/\/senhorapps.com\/en\/#website\",\"url\":\"https:\/\/senhorapps.com\/en\/\",\"name\":\"Senhor Apps\",\"description\":\"\",\"publisher\":{\"@id\":\"https:\/\/senhorapps.com\/en\/#organization\"},\"potentialAction\":[{\"@type\":\"SearchAction\",\"target\":{\"@type\":\"EntryPoint\",\"urlTemplate\":\"https:\/\/senhorapps.com\/en\/?s={search_term_string}\"},\"query-input\":{\"@type\":\"PropertyValueSpecification\",\"valueRequired\":true,\"valueName\":\"search_term_string\"}}],\"inLanguage\":\"bs-BA\"},{\"@type\":\"Organization\",\"@id\":\"https:\/\/senhorapps.com\/en\/#organization\",\"name\":\"Senhor Apps\",\"url\":\"https:\/\/senhorapps.com\/en\/\",\"logo\":{\"@type\":\"ImageObject\",\"inLanguage\":\"bs-BA\",\"@id\":\"https:\/\/senhorapps.com\/en\/#\/schema\/logo\/image\/\",\"url\":\"https:\/\/senhorapps.com\/wp-content\/uploads\/2024\/09\/cropped-logo-srapps.jpeg\",\"contentUrl\":\"https:\/\/senhorapps.com\/wp-content\/uploads\/2024\/09\/cropped-logo-srapps.jpeg\",\"width\":143,\"height\":40,\"caption\":\"Senhor Apps\"},\"image\":{\"@id\":\"https:\/\/senhorapps.com\/en\/#\/schema\/logo\/image\/\"}}]}<\/script>\n<!-- \/ Yoast SEO plugin. -->","yoast_head_json":{"title":"Pol\u00edtica de Privacidade - Senhor Apps","robots":{"index":"index","follow":"follow","max-snippet":"max-snippet:-1","max-image-preview":"max-image-preview:large","max-video-preview":"max-video-preview:-1"},"canonical":"https:\/\/senhorapps.com\/bs\/politica-de-privacidade\/","og_locale":"bs_BA","og_type":"article","og_title":"Pol\u00edtica de Privacidade - Senhor Apps","og_description":"Pol\u00edtica Privacidade A sua privacidade \u00e9 importante para n\u00f3s. \u00c9 pol\u00edtica do Senhor Apps respeitar a sua privacidade em rela\u00e7\u00e3o a qualquer informa\u00e7\u00e3o sua que possamos coletar no site Senhor Apps, e outros sites que possu\u00edmos e operamos. Solicitamos informa\u00e7\u00f5es pessoais apenas quando realmente precisamos delas para lhe fornecer um servi\u00e7o. Fazemo-lo por meios justos &hellip;","og_url":"https:\/\/senhorapps.com\/bs\/politica-de-privacidade\/","og_site_name":"Senhor Apps","twitter_card":"summary_large_image","twitter_misc":{"Est. reading time":"3 minute"},"schema":{"@context":"https:\/\/schema.org","@graph":[{"@type":"WebPage","@id":"https:\/\/senhorapps.com\/politica-de-privacidade\/","url":"https:\/\/senhorapps.com\/politica-de-privacidade\/","name":"Pol\u00edtica de Privacidade - Senhor Apps","isPartOf":{"@id":"https:\/\/senhorapps.com\/en\/#website"},"datePublished":"2024-02-27T17:37:30+00:00","breadcrumb":{"@id":"https:\/\/senhorapps.com\/politica-de-privacidade\/#breadcrumb"},"inLanguage":"bs-BA","potentialAction":[{"@type":"ReadAction","target":["https:\/\/senhorapps.com\/politica-de-privacidade\/"]}]},{"@type":"BreadcrumbList","@id":"https:\/\/senhorapps.com\/politica-de-privacidade\/#breadcrumb","itemListElement":[{"@type":"ListItem","position":1,"name":"Home","item":"https:\/\/senhorapps.com\/en\/"},{"@type":"ListItem","position":2,"name":"Pol\u00edtica de Privacidade"}]},{"@type":"WebSite","@id":"https:\/\/senhorapps.com\/en\/#website","url":"https:\/\/senhorapps.com\/en\/","name":"g. Apps","description":"","publisher":{"@id":"https:\/\/senhorapps.com\/en\/#organization"},"potentialAction":[{"@type":"SearchAction","target":{"@type":"EntryPoint","urlTemplate":"https:\/\/senhorapps.com\/en\/?s={search_term_string}"},"query-input":{"@type":"PropertyValueSpecification","valueRequired":true,"valueName":"search_term_string"}}],"inLanguage":"bs-BA"},{"@type":"Organization","@id":"https:\/\/senhorapps.com\/en\/#organization","name":"g. Apps","url":"https:\/\/senhorapps.com\/en\/","logo":{"@type":"ImageObject","inLanguage":"bs-BA","@id":"https:\/\/senhorapps.com\/en\/#\/schema\/logo\/image\/","url":"https:\/\/senhorapps.com\/wp-content\/uploads\/2024\/09\/cropped-logo-srapps.jpeg","contentUrl":"https:\/\/senhorapps.com\/wp-content\/uploads\/2024\/09\/cropped-logo-srapps.jpeg","width":143,"height":40,"caption":"Senhor Apps"},"image":{"@id":"https:\/\/senhorapps.com\/en\/#\/schema\/logo\/image\/"}}]}},"_links":{"self":[{"href":"https:\/\/senhorapps.com\/bs\/wp-json\/wp\/v2\/pages\/55","targetHints":{"allow":["GET"]}}],"collection":[{"href":"https:\/\/senhorapps.com\/bs\/wp-json\/wp\/v2\/pages"}],"about":[{"href":"https:\/\/senhorapps.com\/bs\/wp-json\/wp\/v2\/types\/page"}],"author":[{"embeddable":true,"href":"https:\/\/senhorapps.com\/bs\/wp-json\/wp\/v2\/users\/10"}],"replies":[{"embeddable":true,"href":"https:\/\/senhorapps.com\/bs\/wp-json\/wp\/v2\/comments?post=55"}],"version-history":[{"count":0,"href":"https:\/\/senhorapps.com\/bs\/wp-json\/wp\/v2\/pages\/55\/revisions"}],"wp:attachment":[{"href":"https:\/\/senhorapps.com\/bs\/wp-json\/wp\/v2\/media?parent=55"}],"curies":[{"name":"radni list","href":"https:\/\/api.w.org\/{rel}","templated":true}]}}