{"id":60,"date":"2024-02-27T14:39:51","date_gmt":"2024-02-27T17:39:51","guid":{"rendered":"https:\/\/senhorapps.com\/?page_id=60"},"modified":"2024-02-27T14:39:51","modified_gmt":"2024-02-27T17:39:51","slug":"termos-e-condicoes","status":"publish","type":"page","link":"https:\/\/senhorapps.com\/bs\/termos-e-condicoes\/","title":{"rendered":"Odredbe i uslovi"},"content":{"rendered":"<h2><span style=\"color: rgb(68, 68, 68);\">1. Uslovi<\/span><\/h2><p><span style=\"color: rgb(68, 68, 68);\">Prilikom pristupa web stranici <a href=\"https:\/\/senhorapps.com\/bs\/\">g. Apps<\/a>, sla\u017eete se da \u0107ete se pridr\u017eavati ovih uslova usluge, svih primjenjivih zakona i propisa i sla\u017eete se da ste odgovorni za uskla\u0111enost sa svim primjenjivim lokalnim zakonima. Ako se ne sla\u017eete s bilo kojim od ovih uvjeta, zabranjeno vam je kori\u0161tenje ili pristup ovoj stranici. Materijali sadr\u017eani na ovoj web stranici za\u0161ti\u0107eni su va\u017ee\u0107im zakonom o autorskim pravima i \u017eigovima.<\/span><\/p><h2><span style=\"color: rgb(68, 68, 68);\">2. Koristite Licencu<\/span><\/h2><p><span style=\"color: rgb(68, 68, 68);\">Dozvoljava se privremeno preuzimanje jedne kopije materijala (informacija ili softvera) na web stranici Senhor Apps samo za li\u010dni, nekomercijalni prolazni pregled. Ovo je dodjela licence, a ne prijenos vlasni\u0161tva, i prema ovoj licenci ne smijete:&nbsp;<\/span><\/p><ol><li><span style=\"color: rgb(68, 68, 68);\">modificirati ili kopirati materijale;&nbsp;<\/span><\/li><li><span style=\"color: rgb(68, 68, 68);\">koristiti materijale u bilo koju komercijalnu svrhu, ili za bilo koji javni prikaz (komercijalni ili nekomercijalni);&nbsp;<\/span><\/li><li><span style=\"color: rgb(68, 68, 68);\">poku\u0161ati dekompilirati ili obrnuti in\u017eenjering bilo kojeg softvera koji se nalazi na web stranici Senhor Apps;&nbsp;<\/span><\/li><li><span style=\"color: rgb(68, 68, 68);\">ukloniti sva autorska prava ili druge vlasni\u010dke oznake iz materijala; ili&nbsp;<\/span><\/li><li><span style=\"color: rgb(68, 68, 68);\">prenijeti materijale na drugu osobu ili &#039;preslikati&#039; materijale na bilo koji drugi server.<\/span><\/li><\/ol><p><span style=\"color: rgb(68, 68, 68);\">Ova licenca \u0107e automatski prestati ako prekr\u0161ite bilo koje od ovih ograni\u010denja i Senhor Apps mo\u017ee je ukinuti u bilo kojem trenutku. Po prestanku gledanja ovih materijala ili po prestanku ove licence, morate uni\u0161titi sve preuzete materijale u va\u0161em posjedu, bilo u elektronskom ili \u0161tampanom formatu.<\/span><\/p><h2><span style=\"color: rgb(68, 68, 68);\">3. Odricanje od odgovornosti<\/span><\/h2><ol><li><span style=\"color: rgb(68, 68, 68);\">Materijali na web stranici Senhor Apps su dostupni &#039;kako jesu&#039;. Senhor Apps ne daje nikakva jamstva, izri\u010dita ili implicirana, te se ovim odri\u010de i negira sve druge garancije, uklju\u010duju\u0107i, bez ograni\u010denja, implicirane garancije ili uslove za prodaju, prikladnost za odre\u0111enu svrhu ili nepovre\u0111ivanje intelektualnog vlasni\u0161tva ili druge povrede prava.<\/span><\/li><li><span style=\"color: rgb(68, 68, 68);\">Nadalje, Senhor Apps ne jam\u010di niti daje bilo kakve izjave u vezi s to\u010dno\u0161\u0107u, vjerojatnim rezultatima ili pouzdano\u0161\u0107u kori\u0161tenja materijala na svojoj web stranici ili na drugi na\u010din u vezi s takvim materijalima ili na bilo kojoj web stranici koja je povezana s ovom web lokacijom.<\/span><\/li><\/ol><h2><span style=\"color: rgb(68, 68, 68);\">4. Ograni\u010denja<\/span><\/h2><p><span style=\"color: rgb(68, 68, 68);\">Senhor Apps ili njegovi dobavlja\u010di ni u kom slu\u010daju ne\u0107e biti odgovorni za bilo kakvu \u0161tetu (uklju\u010duju\u0107i, bez ograni\u010denja, \u0161tetu zbog gubitka podataka ili dobiti, ili zbog prekida poslovanja) koja proizlazi iz kori\u0161tenja ili nemogu\u0107nosti kori\u0161tenja materijala na Senhor Apps, \u010dak i ako je Senhor Apps ili ovla\u0161teni predstavnik Senhor Apps usmeno ili pismeno obavije\u0161ten o mogu\u0107nosti takve \u0161tete. Budu\u0107i da neke jurisdikcije ne dozvoljavaju ograni\u010denja implicitnih garancija ili ograni\u010denja odgovornosti za posljedi\u010dne ili slu\u010dajne \u0161tete, ova ograni\u010denja se mo\u017eda ne odnose na vas.<\/span><\/p><h2><span style=\"color: rgb(68, 68, 68);\">5. Ta\u010dnost materijala<\/span><\/h2><p><span style=\"color: rgb(68, 68, 68);\">Materijali prikazani na web stranici Senhor Apps mogu uklju\u010divati tehni\u010dke, tipografske ili fotografske gre\u0161ke. Senhor Apps ne jam\u010di da je bilo koji materijal na svojoj web stranici ta\u010dan, potpun ili aktuelan. Senhor Apps mo\u017ee promijeniti materijale sadr\u017eane na svojoj web stranici u bilo koje vrijeme bez prethodne najave. Me\u0111utim, Senhor Apps se ne obavezuje da \u0107e a\u017eurirati materijale.<\/span><\/p><h2><span style=\"color: rgb(68, 68, 68);\">6. Linkovi<\/span><\/h2><p><span style=\"color: rgb(68, 68, 68);\">Senhor Apps nije pregledao sve stranice povezane s njegovom web lokacijom i nije odgovoran za sadr\u017eaj bilo koje takve povezane stranice. Uklju\u010divanje bilo koje veze ne zna\u010di da Senhor Apps podr\u017eava stranicu. Kori\u0161tenje bilo koje povezane web stranice je na vlastitu odgovornost korisnika.<\/span><\/p><p><br><\/p><h3><span style=\"color: rgb(68, 68, 68);\">Modifikacije<\/span><\/h3><p><span style=\"color: rgb(68, 68, 68);\">Senhor Apps mo\u017ee revidirati ove uslove kori\u0161tenja za svoju web stranicu u bilo koje vrijeme bez prethodne najave. Kori\u0161tenjem ove web stranice sla\u017eete se da \u0107ete biti vezani za tada aktuelnu verziju ovih uvjeta kori\u0161tenja.<\/span><\/p><h3><span style=\"color: rgb(68, 68, 68);\">Primjenjivo pravo<\/span><\/h3><p><span style=\"color: rgb(68, 68, 68);\">Ovi uslovi i odredbe reguli\u0161u se i tuma\u010de se u skladu sa zakonima Senhor Apps i vi se neopozivo podvrgavate isklju\u010divoj nadle\u017enosti sudova u toj dr\u017eavi ili lokaciji.<\/span><\/p>","protected":false},"excerpt":{"rendered":"<p>1. Termos Ao acessar ao site Senhor Apps, concorda em cumprir estes termos de servi\u00e7o, todas as leis e regulamentos aplic\u00e1veis \u200b\u200be concorda que \u00e9 respons\u00e1vel pelo cumprimento de todas as leis locais aplic\u00e1veis. Se voc\u00ea n\u00e3o concordar com algum desses termos, est\u00e1 proibido de usar ou acessar este site. Os materiais contidos neste site &hellip; <\/p>","protected":false},"author":10,"featured_media":0,"parent":0,"menu_order":0,"comment_status":"closed","ping_status":"closed","template":"","meta":{"footnotes":""},"class_list":["post-60","page","type-page","status-publish","hentry","latest_post"],"yoast_head":"<!-- This site is optimized with the Yoast SEO plugin v26.8 - https:\/\/yoast.com\/product\/yoast-seo-wordpress\/ -->\n<title>Termos e Condi\u00e7\u00f5es - Senhor Apps<\/title>\n<meta name=\"robots\" content=\"index, follow, max-snippet:-1, max-image-preview:large, max-video-preview:-1\" \/>\n<link rel=\"canonical\" href=\"https:\/\/senhorapps.com\/bs\/termos-e-condicoes\/\" \/>\n<meta property=\"og:locale\" content=\"bs_BA\" \/>\n<meta property=\"og:type\" content=\"article\" \/>\n<meta property=\"og:title\" content=\"Termos e Condi\u00e7\u00f5es - Senhor Apps\" \/>\n<meta property=\"og:description\" content=\"1. Termos Ao acessar ao site Senhor Apps, concorda em cumprir estes termos de servi\u00e7o, todas as leis e regulamentos aplic\u00e1veis \u200b\u200be concorda que \u00e9 respons\u00e1vel pelo cumprimento de todas as leis locais aplic\u00e1veis. Se voc\u00ea n\u00e3o concordar com algum desses termos, est\u00e1 proibido de usar ou acessar este site. Os materiais contidos neste site &hellip;\" \/>\n<meta property=\"og:url\" content=\"https:\/\/senhorapps.com\/bs\/termos-e-condicoes\/\" \/>\n<meta property=\"og:site_name\" content=\"Senhor Apps\" \/>\n<meta name=\"twitter:card\" content=\"summary_large_image\" \/>\n<meta name=\"twitter:label1\" content=\"Est. reading time\" \/>\n\t<meta name=\"twitter:data1\" content=\"3 minute\" \/>\n<script type=\"application\/ld+json\" class=\"yoast-schema-graph\">{\"@context\":\"https:\/\/schema.org\",\"@graph\":[{\"@type\":\"WebPage\",\"@id\":\"https:\/\/senhorapps.com\/termos-e-condicoes\/\",\"url\":\"https:\/\/senhorapps.com\/termos-e-condicoes\/\",\"name\":\"Termos e Condi\u00e7\u00f5es - Senhor Apps\",\"isPartOf\":{\"@id\":\"https:\/\/senhorapps.com\/en\/#website\"},\"datePublished\":\"2024-02-27T17:39:51+00:00\",\"breadcrumb\":{\"@id\":\"https:\/\/senhorapps.com\/termos-e-condicoes\/#breadcrumb\"},\"inLanguage\":\"bs-BA\",\"potentialAction\":[{\"@type\":\"ReadAction\",\"target\":[\"https:\/\/senhorapps.com\/termos-e-condicoes\/\"]}]},{\"@type\":\"BreadcrumbList\",\"@id\":\"https:\/\/senhorapps.com\/termos-e-condicoes\/#breadcrumb\",\"itemListElement\":[{\"@type\":\"ListItem\",\"position\":1,\"name\":\"Home\",\"item\":\"https:\/\/senhorapps.com\/en\/\"},{\"@type\":\"ListItem\",\"position\":2,\"name\":\"Termos e Condi\u00e7\u00f5es\"}]},{\"@type\":\"WebSite\",\"@id\":\"https:\/\/senhorapps.com\/en\/#website\",\"url\":\"https:\/\/senhorapps.com\/en\/\",\"name\":\"Senhor Apps\",\"description\":\"\",\"publisher\":{\"@id\":\"https:\/\/senhorapps.com\/en\/#organization\"},\"potentialAction\":[{\"@type\":\"SearchAction\",\"target\":{\"@type\":\"EntryPoint\",\"urlTemplate\":\"https:\/\/senhorapps.com\/en\/?s={search_term_string}\"},\"query-input\":{\"@type\":\"PropertyValueSpecification\",\"valueRequired\":true,\"valueName\":\"search_term_string\"}}],\"inLanguage\":\"bs-BA\"},{\"@type\":\"Organization\",\"@id\":\"https:\/\/senhorapps.com\/en\/#organization\",\"name\":\"Senhor Apps\",\"url\":\"https:\/\/senhorapps.com\/en\/\",\"logo\":{\"@type\":\"ImageObject\",\"inLanguage\":\"bs-BA\",\"@id\":\"https:\/\/senhorapps.com\/en\/#\/schema\/logo\/image\/\",\"url\":\"https:\/\/senhorapps.com\/wp-content\/uploads\/2024\/09\/cropped-logo-srapps.jpeg\",\"contentUrl\":\"https:\/\/senhorapps.com\/wp-content\/uploads\/2024\/09\/cropped-logo-srapps.jpeg\",\"width\":143,\"height\":40,\"caption\":\"Senhor Apps\"},\"image\":{\"@id\":\"https:\/\/senhorapps.com\/en\/#\/schema\/logo\/image\/\"}}]}<\/script>\n<!-- \/ Yoast SEO plugin. -->","yoast_head_json":{"title":"Termos e Condi\u00e7\u00f5es - Senhor Apps","robots":{"index":"index","follow":"follow","max-snippet":"max-snippet:-1","max-image-preview":"max-image-preview:large","max-video-preview":"max-video-preview:-1"},"canonical":"https:\/\/senhorapps.com\/bs\/termos-e-condicoes\/","og_locale":"bs_BA","og_type":"article","og_title":"Termos e Condi\u00e7\u00f5es - Senhor Apps","og_description":"1. Termos Ao acessar ao site Senhor Apps, concorda em cumprir estes termos de servi\u00e7o, todas as leis e regulamentos aplic\u00e1veis \u200b\u200be concorda que \u00e9 respons\u00e1vel pelo cumprimento de todas as leis locais aplic\u00e1veis. Se voc\u00ea n\u00e3o concordar com algum desses termos, est\u00e1 proibido de usar ou acessar este site. Os materiais contidos neste site &hellip;","og_url":"https:\/\/senhorapps.com\/bs\/termos-e-condicoes\/","og_site_name":"Senhor Apps","twitter_card":"summary_large_image","twitter_misc":{"Est. reading time":"3 minute"},"schema":{"@context":"https:\/\/schema.org","@graph":[{"@type":"WebPage","@id":"https:\/\/senhorapps.com\/termos-e-condicoes\/","url":"https:\/\/senhorapps.com\/termos-e-condicoes\/","name":"Termos e Condi\u00e7\u00f5es - Senhor Apps","isPartOf":{"@id":"https:\/\/senhorapps.com\/en\/#website"},"datePublished":"2024-02-27T17:39:51+00:00","breadcrumb":{"@id":"https:\/\/senhorapps.com\/termos-e-condicoes\/#breadcrumb"},"inLanguage":"bs-BA","potentialAction":[{"@type":"ReadAction","target":["https:\/\/senhorapps.com\/termos-e-condicoes\/"]}]},{"@type":"BreadcrumbList","@id":"https:\/\/senhorapps.com\/termos-e-condicoes\/#breadcrumb","itemListElement":[{"@type":"ListItem","position":1,"name":"Home","item":"https:\/\/senhorapps.com\/en\/"},{"@type":"ListItem","position":2,"name":"Termos e Condi\u00e7\u00f5es"}]},{"@type":"WebSite","@id":"https:\/\/senhorapps.com\/en\/#website","url":"https:\/\/senhorapps.com\/en\/","name":"g. Apps","description":"","publisher":{"@id":"https:\/\/senhorapps.com\/en\/#organization"},"potentialAction":[{"@type":"SearchAction","target":{"@type":"EntryPoint","urlTemplate":"https:\/\/senhorapps.com\/en\/?s={search_term_string}"},"query-input":{"@type":"PropertyValueSpecification","valueRequired":true,"valueName":"search_term_string"}}],"inLanguage":"bs-BA"},{"@type":"Organization","@id":"https:\/\/senhorapps.com\/en\/#organization","name":"g. Apps","url":"https:\/\/senhorapps.com\/en\/","logo":{"@type":"ImageObject","inLanguage":"bs-BA","@id":"https:\/\/senhorapps.com\/en\/#\/schema\/logo\/image\/","url":"https:\/\/senhorapps.com\/wp-content\/uploads\/2024\/09\/cropped-logo-srapps.jpeg","contentUrl":"https:\/\/senhorapps.com\/wp-content\/uploads\/2024\/09\/cropped-logo-srapps.jpeg","width":143,"height":40,"caption":"Senhor Apps"},"image":{"@id":"https:\/\/senhorapps.com\/en\/#\/schema\/logo\/image\/"}}]}},"_links":{"self":[{"href":"https:\/\/senhorapps.com\/bs\/wp-json\/wp\/v2\/pages\/60","targetHints":{"allow":["GET"]}}],"collection":[{"href":"https:\/\/senhorapps.com\/bs\/wp-json\/wp\/v2\/pages"}],"about":[{"href":"https:\/\/senhorapps.com\/bs\/wp-json\/wp\/v2\/types\/page"}],"author":[{"embeddable":true,"href":"https:\/\/senhorapps.com\/bs\/wp-json\/wp\/v2\/users\/10"}],"replies":[{"embeddable":true,"href":"https:\/\/senhorapps.com\/bs\/wp-json\/wp\/v2\/comments?post=60"}],"version-history":[{"count":0,"href":"https:\/\/senhorapps.com\/bs\/wp-json\/wp\/v2\/pages\/60\/revisions"}],"wp:attachment":[{"href":"https:\/\/senhorapps.com\/bs\/wp-json\/wp\/v2\/media?parent=60"}],"curies":[{"name":"radni list","href":"https:\/\/api.w.org\/{rel}","templated":true}]}}