{"id":55,"date":"2024-02-27T14:37:30","date_gmt":"2024-02-27T17:37:30","guid":{"rendered":"https:\/\/senhorapps.com\/?page_id=55"},"modified":"2024-02-27T14:37:30","modified_gmt":"2024-02-27T17:37:30","slug":"politica-de-privacidade","status":"publish","type":"page","link":"https:\/\/senhorapps.com\/fi\/politica-de-privacidade\/","title":{"rendered":"Tietosuojak\u00e4yt\u00e4nt\u00f6"},"content":{"rendered":"<h2><span style=\"color: rgb(68, 68, 68);\">Tietosuojak\u00e4yt\u00e4nt\u00f6<\/span><\/h2><p><span style=\"color: rgb(68, 68, 68);\">Tietosuojasi on meille t\u00e4rke\u00e4\u00e4. Senhor Appsin k\u00e4yt\u00e4nt\u00f6n\u00e4 on kunnioittaa yksityisyytt\u00e4si kaikkien verkkosivustollamme ker\u00e4\u00e4miemme tietojen suhteen. <a href=\"https:\/\/senhorapps.com\/fi\/\">Herra Apps<\/a>ja muut omistamamme ja yll\u00e4pit\u00e4m\u00e4mme verkkosivustot.<\/span><\/p><p><span style=\"color: rgb(68, 68, 68);\">Kysymme henkil\u00f6tietoja vain silloin, kun todella tarvitsemme niit\u00e4 palvelun tarjoamiseksi sinulle. Teemme niin oikeudenmukaisin ja laillisin keinoin, tietoisesti ja suostumuksellasi. Kerromme my\u00f6s, miksi ker\u00e4\u00e4mme tietoja ja miten niit\u00e4 k\u00e4ytet\u00e4\u00e4n.<\/span><\/p><p><span style=\"color: rgb(68, 68, 68);\">S\u00e4ilyt\u00e4mme ker\u00e4ttyj\u00e4 tietoja vain niin kauan kuin on tarpeen pyyt\u00e4m\u00e4si palvelun tarjoamiseksi. Suojaamme tallentamiamme tietoja kaupallisesti hyv\u00e4ksytt\u00e4vin keinoin est\u00e4\u00e4ksemme katoamisen ja varkauden sek\u00e4 luvattoman p\u00e4\u00e4syn, paljastamisen, kopioinnin, k\u00e4yt\u00f6n tai muokkaamisen.<\/span><\/p><p><span style=\"color: rgb(68, 68, 68);\">Emme jaa henkil\u00f6tietoja julkisesti tai kolmansille osapuolille, paitsi lain niin vaatiessa.<\/span><\/p><p><span style=\"color: rgb(68, 68, 68);\">Verkkosivustomme saattaa sis\u00e4lt\u00e4\u00e4 linkkej\u00e4 ulkoisille verkkosivustoille, joita emme yll\u00e4pid\u00e4. Huomaathan, ett\u00e4 meill\u00e4 ei ole m\u00e4\u00e4r\u00e4ysvaltaa n\u00e4iden sivustojen sis\u00e4lt\u00f6\u00f6n ja k\u00e4yt\u00e4nt\u00f6ihin, emmek\u00e4 voi ottaa vastuuta niiden vastaavista ominaisuuksista.&nbsp;<\/span><a href=\"https:\/\/politicaprivacidade.com\/\" rel=\"noopener noreferrer\" target=\"_blank\" style=\"background-color: transparent; color: rgb(68, 68, 68);\">tietosuojak\u00e4yt\u00e4nn\u00f6t<\/a><span style=\"color: rgb(68, 68, 68);\">.<\/span><\/p><p><span style=\"color: rgb(68, 68, 68);\">Voit vapaasti kielt\u00e4yty\u00e4 pyynn\u00f6st\u00e4mme saada henkil\u00f6tietojasi ymm\u00e4rt\u00e4en, ett\u00e4 emme v\u00e4ltt\u00e4m\u00e4tt\u00e4 pysty tarjoamaan sinulle joitakin haluamiasi palveluita.<\/span><\/p><p><span style=\"color: rgb(68, 68, 68);\">Jatkamalla verkkosivustomme k\u00e4ytt\u00f6\u00e4 hyv\u00e4ksyt tietosuoja- ja henkil\u00f6tietojesi k\u00e4sittelyyn liittyv\u00e4t k\u00e4yt\u00e4nt\u00f6mme. Jos sinulla on kysytt\u00e4v\u00e4\u00e4 siit\u00e4, miten k\u00e4sittelemme k\u00e4ytt\u00e4j\u00e4tietoja ja henkil\u00f6tietoja, ota meihin yhteytt\u00e4.<\/span><\/p><p><span style=\"color: rgb(68, 68, 68);\"><ul><li><span style=\"color: rgb(68, 68, 68);\">Mainosten n\u00e4ytt\u00e4miseen k\u00e4ytt\u00e4m\u00e4mme Google AdSense -palvelu k\u00e4ytt\u00e4\u00e4 DoubleClick-ev\u00e4stett\u00e4 n\u00e4ytt\u00e4\u00e4kseen osuvampia mainoksia verkossa ja rajoittaakseen tietyn mainoksen n\u00e4ytt\u00f6kertojen m\u00e4\u00e4r\u00e4\u00e4 sinulle.<\/span><\/li><li><span style=\"color: rgb(68, 68, 68);\">Lis\u00e4tietoja Google AdSensesta on Google AdSensen virallisissa tietosuojaa koskevissa usein kysytyiss\u00e4 kysymyksiss\u00e4.<\/span><\/li><li><span style=\"color: rgb(68, 68, 68);\">K\u00e4yt\u00e4mme mainoksia kattaaksemme t\u00e4m\u00e4n verkkosivuston yll\u00e4pitokustannukset ja rahoittaaksemme tulevaa kehityst\u00e4. T\u00e4m\u00e4n sivuston k\u00e4ytt\u00e4m\u00e4t k\u00e4ytt\u00e4ytymiseen perustuvat mainontaev\u00e4steet on suunniteltu varmistamaan, ett\u00e4 tarjoamme sinulle mahdollisimman osuvia mainoksia seuraamalla kiinnostuksen kohteitasi nimett\u00f6m\u00e4sti ja n\u00e4ytt\u00e4m\u00e4ll\u00e4 samankaltaisia \u200b\u200basioita, jotka saattavat kiinnostaa sinua.<\/span><\/li><li><span style=\"color: rgb(68, 68, 68);\">Useat kumppanit mainostavat puolestamme, ja kumppanuusmarkkinointiev\u00e4steet antavat meille mahdollisuuden n\u00e4hd\u00e4, ovatko asiakkaamme tulleet sivustolle jonkin kumppanisivustomme kautta, jotta voimme hyvitt\u00e4\u00e4 heille asianmukaisesti ja tarvittaessa antaa kumppanuuskumppaneillemme mahdollisuuden tarjota sinulle ostoksen yhteydess\u00e4 mahdollisesti tarjoamiaan bonuksia.<\/span><\/li><\/ul><p><br><\/p><\/span><\/p><h3><span style=\"color: rgb(68, 68, 68);\">K\u00e4ytt\u00e4j\u00e4n sitoumus<\/span><\/h3><p><span style=\"color: rgb(68, 68, 68);\">K\u00e4ytt\u00e4j\u00e4 sitoutuu k\u00e4ytt\u00e4m\u00e4\u00e4n Senhor Appsin verkkosivustolla tarjoamaa sis\u00e4lt\u00f6\u00e4 ja tietoja asianmukaisesti, ja esimerkiksi, mutta ei rajoittuen:<\/span><\/p><ul><li><span style=\"color: rgb(68, 68, 68);\">A) Ei saa harjoittaa toimintaa, joka on laitonta tai vastoin vilpit\u00f6nt\u00e4 mielt\u00e4 ja yleist\u00e4 j\u00e4rjestyst\u00e4;<\/span><\/li><li><span style=\"color: rgb(68, 68, 68);\">B) \u00c4l\u00e4 levit\u00e4 rasistista tai muukalaisvihamielist\u00e4 propagandaa tai sis\u00e4lt\u00f6\u00e4, <\/span><span style=\"color: rgb(33, 37, 41);\"><a href='https:\/\/betnacionalbrasil.br.com' style='color:inherit !important; text-decoration: none !important; font-size: inherit !important;'>Kansallinen veto<\/a><\/span><span style=\"color: rgb(68, 68, 68);\"> tai huonoa onnea, mink\u00e4 tahansa tyyppist\u00e4 laitonta pornografiaa, joka tukee terrorismia tai on ihmisoikeuksia vastaan;<\/span><\/li><li><span style=\"color: rgb(68, 68, 68);\">C) \u00c4l\u00e4 vahingoita Senhor Appsin, sen toimittajien tai kolmansien osapuolten fyysisi\u00e4 (laitteisto) ja loogisia (ohjelmisto) j\u00e4rjestelmi\u00e4, \u00e4l\u00e4k\u00e4 levit\u00e4 tietokoneviruksia tai muita laitteisto- tai ohjelmistoj\u00e4rjestelmi\u00e4, jotka voivat aiheuttaa edell\u00e4 mainittuja vahinkoja.<\/span><\/li><\/ul><h3><span style=\"color: rgb(68, 68, 68);\">Lis\u00e4tietoja<\/span><\/h3><p><span style=\"color: rgb(68, 68, 68);\">Toivottavasti t\u00e4m\u00e4 selvensi asioita sinulle, ja kuten aiemmin mainittiin, jos et ole varma, tarvitsetko ev\u00e4steit\u00e4 vai et, on yleens\u00e4 turvallisempaa pit\u00e4\u00e4 ne k\u00e4yt\u00f6ss\u00e4 silt\u00e4 varalta, ett\u00e4 ne vaikuttavat johonkin sivustollamme k\u00e4ytt\u00e4miisi ominaisuuksiin.<\/span><\/p><p><span style=\"color: rgb(68, 68, 68);\">T\u00e4m\u00e4 k\u00e4yt\u00e4nt\u00f6 on voimassa 27. helmikuuta 2024 klo 17.36 alkaen.<\/span><\/p>","protected":false},"excerpt":{"rendered":"<p>Pol\u00edtica Privacidade A sua privacidade \u00e9 importante para n\u00f3s. \u00c9 pol\u00edtica do Senhor Apps respeitar a sua privacidade em rela\u00e7\u00e3o a qualquer informa\u00e7\u00e3o sua que possamos coletar no site Senhor Apps, e outros sites que possu\u00edmos e operamos. Solicitamos informa\u00e7\u00f5es pessoais apenas quando realmente precisamos delas para lhe fornecer um servi\u00e7o. Fazemo-lo por meios justos &hellip; <\/p>","protected":false},"author":10,"featured_media":0,"parent":0,"menu_order":0,"comment_status":"closed","ping_status":"closed","template":"","meta":{"footnotes":""},"class_list":["post-55","page","type-page","status-publish","hentry","latest_post"],"yoast_head":"<!-- This site is optimized with the Yoast SEO plugin v26.8 - https:\/\/yoast.com\/product\/yoast-seo-wordpress\/ -->\n<title>Pol\u00edtica de Privacidade - Senhor Apps<\/title>\n<meta name=\"robots\" content=\"index, follow, max-snippet:-1, max-image-preview:large, max-video-preview:-1\" \/>\n<link rel=\"canonical\" href=\"https:\/\/senhorapps.com\/fi\/politica-de-privacidade\/\" \/>\n<meta property=\"og:locale\" content=\"fi_FI\" \/>\n<meta property=\"og:type\" content=\"article\" \/>\n<meta property=\"og:title\" content=\"Pol\u00edtica de Privacidade - Senhor Apps\" \/>\n<meta property=\"og:description\" content=\"Pol\u00edtica Privacidade A sua privacidade \u00e9 importante para n\u00f3s. \u00c9 pol\u00edtica do Senhor Apps respeitar a sua privacidade em rela\u00e7\u00e3o a qualquer informa\u00e7\u00e3o sua que possamos coletar no site Senhor Apps, e outros sites que possu\u00edmos e operamos. Solicitamos informa\u00e7\u00f5es pessoais apenas quando realmente precisamos delas para lhe fornecer um servi\u00e7o. Fazemo-lo por meios justos &hellip;\" \/>\n<meta property=\"og:url\" content=\"https:\/\/senhorapps.com\/fi\/politica-de-privacidade\/\" \/>\n<meta property=\"og:site_name\" content=\"Senhor Apps\" \/>\n<meta name=\"twitter:card\" content=\"summary_large_image\" \/>\n<meta name=\"twitter:label1\" content=\"Arvioitu lukuaika\" \/>\n\t<meta name=\"twitter:data1\" content=\"3 minuuttia\" \/>\n<script type=\"application\/ld+json\" class=\"yoast-schema-graph\">{\"@context\":\"https:\/\/schema.org\",\"@graph\":[{\"@type\":\"WebPage\",\"@id\":\"https:\/\/senhorapps.com\/politica-de-privacidade\/\",\"url\":\"https:\/\/senhorapps.com\/politica-de-privacidade\/\",\"name\":\"Pol\u00edtica de Privacidade - Senhor Apps\",\"isPartOf\":{\"@id\":\"https:\/\/senhorapps.com\/en\/#website\"},\"datePublished\":\"2024-02-27T17:37:30+00:00\",\"breadcrumb\":{\"@id\":\"https:\/\/senhorapps.com\/politica-de-privacidade\/#breadcrumb\"},\"inLanguage\":\"fi\",\"potentialAction\":[{\"@type\":\"ReadAction\",\"target\":[\"https:\/\/senhorapps.com\/politica-de-privacidade\/\"]}]},{\"@type\":\"BreadcrumbList\",\"@id\":\"https:\/\/senhorapps.com\/politica-de-privacidade\/#breadcrumb\",\"itemListElement\":[{\"@type\":\"ListItem\",\"position\":1,\"name\":\"Home\",\"item\":\"https:\/\/senhorapps.com\/en\/\"},{\"@type\":\"ListItem\",\"position\":2,\"name\":\"Pol\u00edtica de Privacidade\"}]},{\"@type\":\"WebSite\",\"@id\":\"https:\/\/senhorapps.com\/en\/#website\",\"url\":\"https:\/\/senhorapps.com\/en\/\",\"name\":\"Senhor Apps\",\"description\":\"\",\"publisher\":{\"@id\":\"https:\/\/senhorapps.com\/en\/#organization\"},\"potentialAction\":[{\"@type\":\"SearchAction\",\"target\":{\"@type\":\"EntryPoint\",\"urlTemplate\":\"https:\/\/senhorapps.com\/en\/?s={search_term_string}\"},\"query-input\":{\"@type\":\"PropertyValueSpecification\",\"valueRequired\":true,\"valueName\":\"search_term_string\"}}],\"inLanguage\":\"fi\"},{\"@type\":\"Organization\",\"@id\":\"https:\/\/senhorapps.com\/en\/#organization\",\"name\":\"Senhor Apps\",\"url\":\"https:\/\/senhorapps.com\/en\/\",\"logo\":{\"@type\":\"ImageObject\",\"inLanguage\":\"fi\",\"@id\":\"https:\/\/senhorapps.com\/en\/#\/schema\/logo\/image\/\",\"url\":\"https:\/\/senhorapps.com\/wp-content\/uploads\/2024\/09\/cropped-logo-srapps.jpeg\",\"contentUrl\":\"https:\/\/senhorapps.com\/wp-content\/uploads\/2024\/09\/cropped-logo-srapps.jpeg\",\"width\":143,\"height\":40,\"caption\":\"Senhor Apps\"},\"image\":{\"@id\":\"https:\/\/senhorapps.com\/en\/#\/schema\/logo\/image\/\"}}]}<\/script>\n<!-- \/ Yoast SEO plugin. -->","yoast_head_json":{"title":"Pol\u00edtica de Privacidade - Senhor Apps","robots":{"index":"index","follow":"follow","max-snippet":"max-snippet:-1","max-image-preview":"max-image-preview:large","max-video-preview":"max-video-preview:-1"},"canonical":"https:\/\/senhorapps.com\/fi\/politica-de-privacidade\/","og_locale":"fi_FI","og_type":"article","og_title":"Pol\u00edtica de Privacidade - Senhor Apps","og_description":"Pol\u00edtica Privacidade A sua privacidade \u00e9 importante para n\u00f3s. \u00c9 pol\u00edtica do Senhor Apps respeitar a sua privacidade em rela\u00e7\u00e3o a qualquer informa\u00e7\u00e3o sua que possamos coletar no site Senhor Apps, e outros sites que possu\u00edmos e operamos. Solicitamos informa\u00e7\u00f5es pessoais apenas quando realmente precisamos delas para lhe fornecer um servi\u00e7o. Fazemo-lo por meios justos &hellip;","og_url":"https:\/\/senhorapps.com\/fi\/politica-de-privacidade\/","og_site_name":"Senhor Apps","twitter_card":"summary_large_image","twitter_misc":{"Arvioitu lukuaika":"3 minuuttia"},"schema":{"@context":"https:\/\/schema.org","@graph":[{"@type":"WebPage","@id":"https:\/\/senhorapps.com\/politica-de-privacidade\/","url":"https:\/\/senhorapps.com\/politica-de-privacidade\/","name":"Pol\u00edtica de Privacidade - Senhor Apps","isPartOf":{"@id":"https:\/\/senhorapps.com\/en\/#website"},"datePublished":"2024-02-27T17:37:30+00:00","breadcrumb":{"@id":"https:\/\/senhorapps.com\/politica-de-privacidade\/#breadcrumb"},"inLanguage":"fi","potentialAction":[{"@type":"ReadAction","target":["https:\/\/senhorapps.com\/politica-de-privacidade\/"]}]},{"@type":"BreadcrumbList","@id":"https:\/\/senhorapps.com\/politica-de-privacidade\/#breadcrumb","itemListElement":[{"@type":"ListItem","position":1,"name":"Home","item":"https:\/\/senhorapps.com\/en\/"},{"@type":"ListItem","position":2,"name":"Pol\u00edtica de Privacidade"}]},{"@type":"WebSite","@id":"https:\/\/senhorapps.com\/en\/#website","url":"https:\/\/senhorapps.com\/en\/","name":"Herra Apps","description":"","publisher":{"@id":"https:\/\/senhorapps.com\/en\/#organization"},"potentialAction":[{"@type":"SearchAction","target":{"@type":"EntryPoint","urlTemplate":"https:\/\/senhorapps.com\/en\/?s={search_term_string}"},"query-input":{"@type":"PropertyValueSpecification","valueRequired":true,"valueName":"search_term_string"}}],"inLanguage":"fi"},{"@type":"Organization","@id":"https:\/\/senhorapps.com\/en\/#organization","name":"Herra Apps","url":"https:\/\/senhorapps.com\/en\/","logo":{"@type":"ImageObject","inLanguage":"fi","@id":"https:\/\/senhorapps.com\/en\/#\/schema\/logo\/image\/","url":"https:\/\/senhorapps.com\/wp-content\/uploads\/2024\/09\/cropped-logo-srapps.jpeg","contentUrl":"https:\/\/senhorapps.com\/wp-content\/uploads\/2024\/09\/cropped-logo-srapps.jpeg","width":143,"height":40,"caption":"Senhor Apps"},"image":{"@id":"https:\/\/senhorapps.com\/en\/#\/schema\/logo\/image\/"}}]}},"_links":{"self":[{"href":"https:\/\/senhorapps.com\/fi\/wp-json\/wp\/v2\/pages\/55","targetHints":{"allow":["GET"]}}],"collection":[{"href":"https:\/\/senhorapps.com\/fi\/wp-json\/wp\/v2\/pages"}],"about":[{"href":"https:\/\/senhorapps.com\/fi\/wp-json\/wp\/v2\/types\/page"}],"author":[{"embeddable":true,"href":"https:\/\/senhorapps.com\/fi\/wp-json\/wp\/v2\/users\/10"}],"replies":[{"embeddable":true,"href":"https:\/\/senhorapps.com\/fi\/wp-json\/wp\/v2\/comments?post=55"}],"version-history":[{"count":0,"href":"https:\/\/senhorapps.com\/fi\/wp-json\/wp\/v2\/pages\/55\/revisions"}],"wp:attachment":[{"href":"https:\/\/senhorapps.com\/fi\/wp-json\/wp\/v2\/media?parent=55"}],"curies":[{"name":"wp","href":"https:\/\/api.w.org\/{rel}","templated":true}]}}