{"id":60,"date":"2024-02-27T14:39:51","date_gmt":"2024-02-27T17:39:51","guid":{"rendered":"https:\/\/senhorapps.com\/?page_id=60"},"modified":"2024-02-27T14:39:51","modified_gmt":"2024-02-27T17:39:51","slug":"termos-e-condicoes","status":"publish","type":"page","link":"https:\/\/senhorapps.com\/fi\/termos-e-condicoes\/","title":{"rendered":"K\u00e4ytt\u00f6ehdot"},"content":{"rendered":"<h2><span style=\"color: rgb(68, 68, 68);\">1. Ehdot<\/span><\/h2><p><span style=\"color: rgb(68, 68, 68);\">Kun k\u00e4yt\u00e4t verkkosivustoa <a href=\"https:\/\/senhorapps.com\/fi\/\">Herra Apps<\/a>, sitoudut noudattamaan n\u00e4it\u00e4 k\u00e4ytt\u00f6ehtoja, kaikkia sovellettavia lakeja ja m\u00e4\u00e4r\u00e4yksi\u00e4 ja hyv\u00e4ksyt, ett\u00e4 olet vastuussa kaikkien sovellettavien paikallisten lakien noudattamisesta. Jos et hyv\u00e4ksy n\u00e4it\u00e4 ehtoja, et saa k\u00e4ytt\u00e4\u00e4 t\u00e4t\u00e4 sivustoa tai p\u00e4\u00e4st\u00e4 sille. T\u00e4m\u00e4n verkkosivuston materiaalit ovat sovellettavien tekij\u00e4noikeus- ja tavaramerkkilakien suojaamia.<\/span><\/p><h2><span style=\"color: rgb(68, 68, 68);\">2. K\u00e4ytt\u00f6oikeus<\/span><\/h2><p><span style=\"color: rgb(68, 68, 68);\">Senhor Appsin verkkosivustolla olevista materiaaleista (tiedoista tai ohjelmistoista) saa ladata tilap\u00e4isesti yhden kopion henkil\u00f6kohtaiseen, ei-kaupalliseen ja tilap\u00e4iseen katseluun. T\u00e4m\u00e4 on lisenssin my\u00f6nt\u00e4minen, ei omistusoikeuden siirto, ja t\u00e4m\u00e4n lisenssin nojalla et saa:&nbsp;<\/span><\/p><ol><li><span style=\"color: rgb(68, 68, 68);\">muokata tai kopioida materiaaleja;&nbsp;<\/span><\/li><li><span style=\"color: rgb(68, 68, 68);\">k\u00e4ytt\u00e4\u00e4 materiaaleja mihink\u00e4\u00e4n kaupalliseen tarkoitukseen tai mihink\u00e4\u00e4n julkiseen esittelyyn (kaupalliseen tai ei-kaupalliseen);&nbsp;<\/span><\/li><li><span style=\"color: rgb(68, 68, 68);\">yrit\u00e4 purkaa tai takaisinmallintaa mit\u00e4\u00e4n Senhor Apps -verkkosivustolla olevaa ohjelmistoa;&nbsp;<\/span><\/li><li><span style=\"color: rgb(68, 68, 68);\">poista materiaaleista kaikki tekij\u00e4noikeus- tai muut omistusoikeusmerkinn\u00e4t; tai&nbsp;<\/span><\/li><li><span style=\"color: rgb(68, 68, 68);\">siirt\u00e4\u00e4 materiaaleja toiselle henkil\u00f6lle tai &quot;peilata&quot; materiaaleja mille tahansa muulle palvelimelle.<\/span><\/li><\/ol><p><span style=\"color: rgb(68, 68, 68);\">T\u00e4m\u00e4 lisenssi p\u00e4\u00e4ttyy automaattisesti, jos rikot jotakin n\u00e4ist\u00e4 rajoituksista, ja Senhor Apps voi irtisanoa sen milloin tahansa. Kun lopetat n\u00e4iden materiaalien katselun tai t\u00e4m\u00e4 k\u00e4ytt\u00f6oikeus p\u00e4\u00e4ttyy, sinun on tuhottava kaikki hallussasi olevat ladatut materiaalit sek\u00e4 s\u00e4hk\u00f6isess\u00e4 ett\u00e4 tulostetussa muodossa.<\/span><\/p><h2><span style=\"color: rgb(68, 68, 68);\">3. Vastuuvapauslauseke<\/span><\/h2><ol><li><span style=\"color: rgb(68, 68, 68);\">Senhor Appsin verkkosivuston materiaalit tarjotaan &quot;sellaisenaan&quot;. Senhor Apps ei anna mit\u00e4\u00e4n takuita, ei suoria eik\u00e4 ep\u00e4suoria, ja kiist\u00e4\u00e4 ja kiist\u00e4\u00e4 t\u00e4ten kaikki muut takuut, mukaan lukien rajoituksetta ep\u00e4suorat takuut tai ehdot myyntikelpoisuudesta, soveltuvuudesta tiettyyn tarkoitukseen tai immateriaalioikeuksien loukkaamattomuudesta tai muista oikeuksien loukkauksista.<\/span><\/li><li><span style=\"color: rgb(68, 68, 68);\">Lis\u00e4ksi Senhor Apps ei takaa eik\u00e4 anna mit\u00e4\u00e4n vakuutuksia verkkosivustollaan olevien materiaalien tai muutoin n\u00e4ihin materiaaleihin tai t\u00e4h\u00e4n sivustoon linkitettyjen sivustojen k\u00e4yt\u00f6n tarkkuudesta, todenn\u00e4k\u00f6isist\u00e4 tuloksista tai luotettavuudesta.<\/span><\/li><\/ol><h2><span style=\"color: rgb(68, 68, 68);\">4. Rajoitukset<\/span><\/h2><p><span style=\"color: rgb(68, 68, 68);\">Senhor Apps tai sen toimittajat eiv\u00e4t miss\u00e4\u00e4n tapauksessa ole vastuussa mist\u00e4\u00e4n vahingoista (mukaan lukien rajoituksetta vahingot tietojen tai voiton menetyksest\u00e4 tai liiketoiminnan keskeytymisest\u00e4), jotka johtuvat Senhor Appsin materiaalien k\u00e4yt\u00f6st\u00e4 tai k\u00e4yt\u00f6n estymisest\u00e4, vaikka Senhor Appsille tai Senhor Appsin valtuutetulle edustajalle olisi ilmoitettu suullisesti tai kirjallisesti t\u00e4llaisten vahinkojen mahdollisuudesta. Koska jotkut laink\u00e4ytt\u00f6alueet eiv\u00e4t salli oletettujen takuiden rajoituksia tai v\u00e4lillisten tai satunnaisten vahinkojen vastuun rajoituksia, n\u00e4m\u00e4 rajoitukset eiv\u00e4t v\u00e4ltt\u00e4m\u00e4tt\u00e4 koske sinua.<\/span><\/p><h2><span style=\"color: rgb(68, 68, 68);\">5. Materiaalien tarkkuus<\/span><\/h2><p><span style=\"color: rgb(68, 68, 68);\">Senhor Appsin verkkosivustolla n\u00e4kyv\u00e4t materiaalit saattavat sis\u00e4lt\u00e4\u00e4 teknisi\u00e4, typografisia tai valokuvavirheit\u00e4. Senhor Apps ei takaa, ett\u00e4 sen verkkosivustolla oleva materiaali on tarkkaa, t\u00e4ydellist\u00e4 tai ajantasaista. Senhor Apps voi tehd\u00e4 muutoksia verkkosivustollaan olevaan materiaaliin milloin tahansa ilman erillist\u00e4 ilmoitusta. Senhor Apps ei kuitenkaan sitoudu p\u00e4ivitt\u00e4m\u00e4\u00e4n materiaaleja.<\/span><\/p><h2><span style=\"color: rgb(68, 68, 68);\">6. Linkit<\/span><\/h2><p><span style=\"color: rgb(68, 68, 68);\">Senhor Apps ei ole tarkistanut kaikkia verkkosivustoonsa linkitettyj\u00e4 sivustoja eik\u00e4 ole vastuussa mink\u00e4\u00e4n t\u00e4llaisen linkitettyjen sivustojen sis\u00e4ll\u00f6st\u00e4. Linkin sis\u00e4llytt\u00e4minen ei tarkoita, ett\u00e4 Senhor Apps hyv\u00e4ksyisi sivuston. Linkitetyn verkkosivuston k\u00e4ytt\u00f6 on k\u00e4ytt\u00e4j\u00e4n omalla vastuulla.<\/span><\/p><p><br><\/p><h3><span style=\"color: rgb(68, 68, 68);\">Muutokset<\/span><\/h3><p><span style=\"color: rgb(68, 68, 68);\">Senhor Apps voi muuttaa n\u00e4it\u00e4 verkkosivustonsa k\u00e4ytt\u00f6ehtoja milloin tahansa ilman erillist\u00e4 ilmoitusta. K\u00e4ytt\u00e4m\u00e4ll\u00e4 t\u00e4t\u00e4 verkkosivustoa hyv\u00e4ksyt n\u00e4iden k\u00e4ytt\u00f6ehtojen kulloinkin voimassa olevan version.<\/span><\/p><h3><span style=\"color: rgb(68, 68, 68);\">Sovellettava laki<\/span><\/h3><p><span style=\"color: rgb(68, 68, 68);\">N\u00e4ihin ehtoihin sovelletaan Senhor Appsin lakeja, ja niit\u00e4 tulkitaan sen mukaisesti, ja peruuttamattomasti suostut kyseisen osavaltion tai sijainnin tuomioistuinten yksinomaiseen toimivaltaan.<\/span><\/p>","protected":false},"excerpt":{"rendered":"<p>1. Termos Ao acessar ao site Senhor Apps, concorda em cumprir estes termos de servi\u00e7o, todas as leis e regulamentos aplic\u00e1veis \u200b\u200be concorda que \u00e9 respons\u00e1vel pelo cumprimento de todas as leis locais aplic\u00e1veis. Se voc\u00ea n\u00e3o concordar com algum desses termos, est\u00e1 proibido de usar ou acessar este site. Os materiais contidos neste site &hellip; <\/p>","protected":false},"author":10,"featured_media":0,"parent":0,"menu_order":0,"comment_status":"closed","ping_status":"closed","template":"","meta":{"footnotes":""},"class_list":["post-60","page","type-page","status-publish","hentry","latest_post"],"yoast_head":"<!-- This site is optimized with the Yoast SEO plugin v26.8 - https:\/\/yoast.com\/product\/yoast-seo-wordpress\/ -->\n<title>Termos e Condi\u00e7\u00f5es - Senhor Apps<\/title>\n<meta name=\"robots\" content=\"index, follow, max-snippet:-1, max-image-preview:large, max-video-preview:-1\" \/>\n<link rel=\"canonical\" href=\"https:\/\/senhorapps.com\/fi\/termos-e-condicoes\/\" \/>\n<meta property=\"og:locale\" content=\"fi_FI\" \/>\n<meta property=\"og:type\" content=\"article\" \/>\n<meta property=\"og:title\" content=\"Termos e Condi\u00e7\u00f5es - Senhor Apps\" \/>\n<meta property=\"og:description\" content=\"1. Termos Ao acessar ao site Senhor Apps, concorda em cumprir estes termos de servi\u00e7o, todas as leis e regulamentos aplic\u00e1veis \u200b\u200be concorda que \u00e9 respons\u00e1vel pelo cumprimento de todas as leis locais aplic\u00e1veis. Se voc\u00ea n\u00e3o concordar com algum desses termos, est\u00e1 proibido de usar ou acessar este site. Os materiais contidos neste site &hellip;\" \/>\n<meta property=\"og:url\" content=\"https:\/\/senhorapps.com\/fi\/termos-e-condicoes\/\" \/>\n<meta property=\"og:site_name\" content=\"Senhor Apps\" \/>\n<meta name=\"twitter:card\" content=\"summary_large_image\" \/>\n<meta name=\"twitter:label1\" content=\"Arvioitu lukuaika\" \/>\n\t<meta name=\"twitter:data1\" content=\"3 minuuttia\" \/>\n<script type=\"application\/ld+json\" class=\"yoast-schema-graph\">{\"@context\":\"https:\/\/schema.org\",\"@graph\":[{\"@type\":\"WebPage\",\"@id\":\"https:\/\/senhorapps.com\/termos-e-condicoes\/\",\"url\":\"https:\/\/senhorapps.com\/termos-e-condicoes\/\",\"name\":\"Termos e Condi\u00e7\u00f5es - Senhor Apps\",\"isPartOf\":{\"@id\":\"https:\/\/senhorapps.com\/en\/#website\"},\"datePublished\":\"2024-02-27T17:39:51+00:00\",\"breadcrumb\":{\"@id\":\"https:\/\/senhorapps.com\/termos-e-condicoes\/#breadcrumb\"},\"inLanguage\":\"fi\",\"potentialAction\":[{\"@type\":\"ReadAction\",\"target\":[\"https:\/\/senhorapps.com\/termos-e-condicoes\/\"]}]},{\"@type\":\"BreadcrumbList\",\"@id\":\"https:\/\/senhorapps.com\/termos-e-condicoes\/#breadcrumb\",\"itemListElement\":[{\"@type\":\"ListItem\",\"position\":1,\"name\":\"Home\",\"item\":\"https:\/\/senhorapps.com\/en\/\"},{\"@type\":\"ListItem\",\"position\":2,\"name\":\"Termos e Condi\u00e7\u00f5es\"}]},{\"@type\":\"WebSite\",\"@id\":\"https:\/\/senhorapps.com\/en\/#website\",\"url\":\"https:\/\/senhorapps.com\/en\/\",\"name\":\"Senhor Apps\",\"description\":\"\",\"publisher\":{\"@id\":\"https:\/\/senhorapps.com\/en\/#organization\"},\"potentialAction\":[{\"@type\":\"SearchAction\",\"target\":{\"@type\":\"EntryPoint\",\"urlTemplate\":\"https:\/\/senhorapps.com\/en\/?s={search_term_string}\"},\"query-input\":{\"@type\":\"PropertyValueSpecification\",\"valueRequired\":true,\"valueName\":\"search_term_string\"}}],\"inLanguage\":\"fi\"},{\"@type\":\"Organization\",\"@id\":\"https:\/\/senhorapps.com\/en\/#organization\",\"name\":\"Senhor Apps\",\"url\":\"https:\/\/senhorapps.com\/en\/\",\"logo\":{\"@type\":\"ImageObject\",\"inLanguage\":\"fi\",\"@id\":\"https:\/\/senhorapps.com\/en\/#\/schema\/logo\/image\/\",\"url\":\"https:\/\/senhorapps.com\/wp-content\/uploads\/2024\/09\/cropped-logo-srapps.jpeg\",\"contentUrl\":\"https:\/\/senhorapps.com\/wp-content\/uploads\/2024\/09\/cropped-logo-srapps.jpeg\",\"width\":143,\"height\":40,\"caption\":\"Senhor Apps\"},\"image\":{\"@id\":\"https:\/\/senhorapps.com\/en\/#\/schema\/logo\/image\/\"}}]}<\/script>\n<!-- \/ Yoast SEO plugin. -->","yoast_head_json":{"title":"Termos e Condi\u00e7\u00f5es - Senhor Apps","robots":{"index":"index","follow":"follow","max-snippet":"max-snippet:-1","max-image-preview":"max-image-preview:large","max-video-preview":"max-video-preview:-1"},"canonical":"https:\/\/senhorapps.com\/fi\/termos-e-condicoes\/","og_locale":"fi_FI","og_type":"article","og_title":"Termos e Condi\u00e7\u00f5es - Senhor Apps","og_description":"1. Termos Ao acessar ao site Senhor Apps, concorda em cumprir estes termos de servi\u00e7o, todas as leis e regulamentos aplic\u00e1veis \u200b\u200be concorda que \u00e9 respons\u00e1vel pelo cumprimento de todas as leis locais aplic\u00e1veis. Se voc\u00ea n\u00e3o concordar com algum desses termos, est\u00e1 proibido de usar ou acessar este site. Os materiais contidos neste site &hellip;","og_url":"https:\/\/senhorapps.com\/fi\/termos-e-condicoes\/","og_site_name":"Senhor Apps","twitter_card":"summary_large_image","twitter_misc":{"Arvioitu lukuaika":"3 minuuttia"},"schema":{"@context":"https:\/\/schema.org","@graph":[{"@type":"WebPage","@id":"https:\/\/senhorapps.com\/termos-e-condicoes\/","url":"https:\/\/senhorapps.com\/termos-e-condicoes\/","name":"Termos e Condi\u00e7\u00f5es - Senhor Apps","isPartOf":{"@id":"https:\/\/senhorapps.com\/en\/#website"},"datePublished":"2024-02-27T17:39:51+00:00","breadcrumb":{"@id":"https:\/\/senhorapps.com\/termos-e-condicoes\/#breadcrumb"},"inLanguage":"fi","potentialAction":[{"@type":"ReadAction","target":["https:\/\/senhorapps.com\/termos-e-condicoes\/"]}]},{"@type":"BreadcrumbList","@id":"https:\/\/senhorapps.com\/termos-e-condicoes\/#breadcrumb","itemListElement":[{"@type":"ListItem","position":1,"name":"Home","item":"https:\/\/senhorapps.com\/en\/"},{"@type":"ListItem","position":2,"name":"Termos e Condi\u00e7\u00f5es"}]},{"@type":"WebSite","@id":"https:\/\/senhorapps.com\/en\/#website","url":"https:\/\/senhorapps.com\/en\/","name":"Herra Apps","description":"","publisher":{"@id":"https:\/\/senhorapps.com\/en\/#organization"},"potentialAction":[{"@type":"SearchAction","target":{"@type":"EntryPoint","urlTemplate":"https:\/\/senhorapps.com\/en\/?s={search_term_string}"},"query-input":{"@type":"PropertyValueSpecification","valueRequired":true,"valueName":"search_term_string"}}],"inLanguage":"fi"},{"@type":"Organization","@id":"https:\/\/senhorapps.com\/en\/#organization","name":"Herra Apps","url":"https:\/\/senhorapps.com\/en\/","logo":{"@type":"ImageObject","inLanguage":"fi","@id":"https:\/\/senhorapps.com\/en\/#\/schema\/logo\/image\/","url":"https:\/\/senhorapps.com\/wp-content\/uploads\/2024\/09\/cropped-logo-srapps.jpeg","contentUrl":"https:\/\/senhorapps.com\/wp-content\/uploads\/2024\/09\/cropped-logo-srapps.jpeg","width":143,"height":40,"caption":"Senhor Apps"},"image":{"@id":"https:\/\/senhorapps.com\/en\/#\/schema\/logo\/image\/"}}]}},"_links":{"self":[{"href":"https:\/\/senhorapps.com\/fi\/wp-json\/wp\/v2\/pages\/60","targetHints":{"allow":["GET"]}}],"collection":[{"href":"https:\/\/senhorapps.com\/fi\/wp-json\/wp\/v2\/pages"}],"about":[{"href":"https:\/\/senhorapps.com\/fi\/wp-json\/wp\/v2\/types\/page"}],"author":[{"embeddable":true,"href":"https:\/\/senhorapps.com\/fi\/wp-json\/wp\/v2\/users\/10"}],"replies":[{"embeddable":true,"href":"https:\/\/senhorapps.com\/fi\/wp-json\/wp\/v2\/comments?post=60"}],"version-history":[{"count":0,"href":"https:\/\/senhorapps.com\/fi\/wp-json\/wp\/v2\/pages\/60\/revisions"}],"wp:attachment":[{"href":"https:\/\/senhorapps.com\/fi\/wp-json\/wp\/v2\/media?parent=60"}],"curies":[{"name":"wp","href":"https:\/\/api.w.org\/{rel}","templated":true}]}}