{"id":55,"date":"2024-02-27T14:37:30","date_gmt":"2024-02-27T17:37:30","guid":{"rendered":"https:\/\/senhorapps.com\/?page_id=55"},"modified":"2024-02-27T14:37:30","modified_gmt":"2024-02-27T17:37:30","slug":"politica-de-privacidade","status":"publish","type":"page","link":"https:\/\/senhorapps.com\/hr\/politica-de-privacidade\/","title":{"rendered":"Politika privatnosti"},"content":{"rendered":"<h2><span style=\"color: rgb(68, 68, 68);\">Politika privatnosti<\/span><\/h2><p><span style=\"color: rgb(68, 68, 68);\">Va\u0161a privatnost nam je va\u017ena. Politika tvrtke Senhor Apps po\u0161tuje va\u0161u privatnost u vezi sa svim informacijama koje od vas mo\u017eemo prikupiti na web stranici. <a href=\"https:\/\/senhorapps.com\/hr\/\">Lord Apps<\/a>, i druge stranice koje posjedujemo i kojima upravljamo.<\/span><\/p><p><span style=\"color: rgb(68, 68, 68);\">Osobne podatke tra\u017eimo samo kada su nam doista potrebni kako bismo vam pru\u017eili uslugu. To \u010dinimo po\u0161tenim i zakonitim sredstvima, uz va\u0161e znanje i pristanak. Tako\u0111er vam ka\u017eemo za\u0161to ih prikupljamo i kako \u0107emo ih koristiti.<\/span><\/p><p><span style=\"color: rgb(68, 68, 68);\">Prikupljene podatke zadr\u017eavamo samo onoliko dugo koliko je potrebno za pru\u017eanje tra\u017eene usluge. Kada pohranjujemo podatke, \u0161titimo ih u okviru komercijalno prihvatljivih sredstava kako bismo sprije\u010dili gubitak i kra\u0111u, kao i neovla\u0161teni pristup, otkrivanje, kopiranje, kori\u0161tenje ili modificiranje.<\/span><\/p><p><span style=\"color: rgb(68, 68, 68);\">Ne dijelimo osobne podatke javno ili s tre\u0107im stranama, osim kada to zahtijeva zakon.<\/span><\/p><p><span style=\"color: rgb(68, 68, 68);\">Na\u0161a web stranica mo\u017ee sadr\u017eavati poveznice na vanjske web stranice kojima ne upravljamo mi. Imajte na umu da nemamo kontrolu nad sadr\u017eajem i postupcima ovih stranica i ne mo\u017eemo prihvatiti odgovornost za njih&nbsp;<\/span><a href=\"https:\/\/politicaprivacidade.com\/\" rel=\"noopener noreferrer\" target=\"_blank\" style=\"background-color: transparent; color: rgb(68, 68, 68);\">politike privatnosti<\/a><span style=\"color: rgb(68, 68, 68);\">.<\/span><\/p><p><span style=\"color: rgb(68, 68, 68);\">Slobodni ste odbiti na\u0161 zahtjev za va\u0161im osobnim podacima, uz razumijevanje da vam mo\u017eda ne\u0107emo mo\u0107i pru\u017eiti neke od \u017eeljenih usluga.<\/span><\/p><p><span style=\"color: rgb(68, 68, 68);\">Va\u0161e daljnje kori\u0161tenje na\u0161e web stranice smatrat \u0107e se prihva\u0107anjem na\u0161e prakse u vezi s privatno\u0161\u0107u i osobnim podacima. Ako imate bilo kakvih pitanja o tome kako postupamo s korisni\u010dkim podacima i osobnim podacima, obratite nam se.<\/span><\/p><p><span style=\"color: rgb(68, 68, 68);\"><ul><li><span style=\"color: rgb(68, 68, 68);\">Usluga Google AdSense koju koristimo za poslu\u017eivanje ogla\u0161avanja koristi DoubleClick kola\u010di\u0107 za poslu\u017eivanje relevantnijih oglasa na webu i ograni\u010davanje broja prikaza odre\u0111enog oglasa.<\/span><\/li><li><span style=\"color: rgb(68, 68, 68);\">Za vi\u0161e informacija o Google AdSenseu pogledajte slu\u017ebena \u010desto postavljana pitanja o privatnosti Google AdSensea.<\/span><\/li><li><span style=\"color: rgb(68, 68, 68);\">Koristimo se oglasima kako bismo nadoknadili tro\u0161kove rada ove stranice i osigurali sredstva za budu\u0107i razvoj. Kola\u010di\u0107i za bihevioralno ogla\u0161avanje koje koristi ova stranica osmi\u0161ljeni su kako bi vam osigurali najrelevantnije oglase gdje je to mogu\u0107e anonimnim pra\u0107enjem va\u0161ih interesa i predstavljanjem sli\u010dnih stvari koje bi vas mogle zanimati.<\/span><\/li><li><span style=\"color: rgb(68, 68, 68);\">Nekoliko partnera reklamira u na\u0161e ime, a kola\u010di\u0107i za pra\u0107enje pridru\u017eenih partnera jednostavno nam omogu\u0107uju da vidimo jesu li na\u0161i klijenti pristupili web-mjestu putem web-mjesta na\u0161ih partnera kako bismo ih mogli na odgovaraju\u0107i na\u010din kreditirati i, gdje je primjenjivo, dopustiti na\u0161im pridru\u017eenim partnerima da ponude bilo kakvu promociju koja mo\u017ee vam omogu\u0107iti kupnju.<\/span><\/li><\/ul><p><br><\/p><\/span><\/p><h3><span style=\"color: rgb(68, 68, 68);\">Obveza korisnika<\/span><\/h3><p><span style=\"color: rgb(68, 68, 68);\">Korisnik se obvezuje da \u0107e na odgovaraju\u0107i na\u010din koristiti sadr\u017eaj i informacije koje Senhor Apps nudi na web stranici i to nagla\u0161enog, ali ne ograni\u010davaju\u0107eg karaktera:<\/span><\/p><ul><li><span style=\"color: rgb(68, 68, 68);\">A) Ne sudjelovati u aktivnostima koje su nezakonite ili protivne dobroj vjeri i javnom redu;<\/span><\/li><li><span style=\"color: rgb(68, 68, 68);\">B) Nemojte \u0161iriti propagandu ili sadr\u017eaj rasisti\u010dke, ksenofobi\u010dne, <\/span><span style=\"color: rgb(33, 37, 41);\"><a href='https:\/\/betnacionalbrasil.br.com' style='color:inherit !important; text-decoration: none !important; font-size: inherit !important;'>Nacionalna oklada<\/a><\/span><span style=\"color: rgb(68, 68, 68);\"> ili lo\u0161a sre\u0107a, bilo koja vrsta ilegalne pornografije, koja podr\u017eava terorizam ili protiv ljudskih prava;<\/span><\/li><li><span style=\"color: rgb(68, 68, 68);\">C) Nemojte uzrokovati \u0161tetu fizi\u010dkim (hardverskim) i logi\u010dkim (softverskim) sustavima Senhor Apps-a, njegovih dobavlja\u010da ili tre\u0107ih strana, radi uvo\u0111enja ili \u0161irenja ra\u010dunalnih virusa ili bilo kojih drugih hardverskih ili softverskih sustava koji mogu uzrokovati gore navedene \u0161tete.<\/span><\/li><\/ul><h3><span style=\"color: rgb(68, 68, 68);\">Vi\u0161e informacija<\/span><\/h3><p><span style=\"color: rgb(68, 68, 68);\">Nadamo se da je to jasno, a kao \u0161to je ranije spomenuto, ako postoji ne\u0161to za \u0161to niste sigurni trebate li ili ne, obi\u010dno je sigurnije ostaviti kola\u010di\u0107e omogu\u0107enima u slu\u010daju da su u interakciji s jednom od zna\u010dajki koje koristite na na\u0161oj stranici.<\/span><\/p><p><span style=\"color: rgb(68, 68, 68);\">Ova politika je na snazi od 27. velja\u010de 2024. u 17:36<\/span><\/p>","protected":false},"excerpt":{"rendered":"<p>Pravila o privatnosti Va\u0161a privatnost nam je va\u017ena. Pravila tvrtke Senhor Apps su po\u0161tovanje va\u0161e privatnosti u vezi sa svim informacijama koje mo\u017eemo prikupiti od vas putem web stranice Senhor Apps i drugih stranica koje posjedujemo i kojima upravljamo. Osobne podatke tra\u017eimo samo kada su nam zaista potrebni za pru\u017eanje usluge. Prikupljamo ih na po\u0161ten na\u010din... <\/p>","protected":false},"author":10,"featured_media":0,"parent":0,"menu_order":0,"comment_status":"closed","ping_status":"closed","template":"","meta":{"footnotes":""},"class_list":["post-55","page","type-page","status-publish","hentry","latest_post"],"yoast_head":"<!-- This site is optimized with the Yoast SEO plugin v26.8 - https:\/\/yoast.com\/product\/yoast-seo-wordpress\/ -->\n<title>Pol\u00edtica de Privacidade - Senhor Apps<\/title>\n<meta name=\"robots\" content=\"index, follow, max-snippet:-1, max-image-preview:large, max-video-preview:-1\" \/>\n<link rel=\"canonical\" href=\"https:\/\/senhorapps.com\/hr\/politica-de-privacidade\/\" \/>\n<meta property=\"og:locale\" content=\"hr_HR\" \/>\n<meta property=\"og:type\" content=\"article\" \/>\n<meta property=\"og:title\" content=\"Pol\u00edtica de Privacidade - Senhor Apps\" \/>\n<meta property=\"og:description\" content=\"Pol\u00edtica Privacidade A sua privacidade \u00e9 importante para n\u00f3s. \u00c9 pol\u00edtica do Senhor Apps respeitar a sua privacidade em rela\u00e7\u00e3o a qualquer informa\u00e7\u00e3o sua que possamos coletar no site Senhor Apps, e outros sites que possu\u00edmos e operamos. Solicitamos informa\u00e7\u00f5es pessoais apenas quando realmente precisamos delas para lhe fornecer um servi\u00e7o. Fazemo-lo por meios justos &hellip;\" \/>\n<meta property=\"og:url\" content=\"https:\/\/senhorapps.com\/hr\/politica-de-privacidade\/\" \/>\n<meta property=\"og:site_name\" content=\"Senhor Apps\" \/>\n<meta name=\"twitter:card\" content=\"summary_large_image\" \/>\n<meta name=\"twitter:label1\" content=\"Procijenjeno vrijeme \u010ditanja\" \/>\n\t<meta name=\"twitter:data1\" content=\"3 minute\" \/>\n<script type=\"application\/ld+json\" class=\"yoast-schema-graph\">{\"@context\":\"https:\/\/schema.org\",\"@graph\":[{\"@type\":\"WebPage\",\"@id\":\"https:\/\/senhorapps.com\/politica-de-privacidade\/\",\"url\":\"https:\/\/senhorapps.com\/politica-de-privacidade\/\",\"name\":\"Pol\u00edtica de Privacidade - Senhor Apps\",\"isPartOf\":{\"@id\":\"https:\/\/senhorapps.com\/en\/#website\"},\"datePublished\":\"2024-02-27T17:37:30+00:00\",\"breadcrumb\":{\"@id\":\"https:\/\/senhorapps.com\/politica-de-privacidade\/#breadcrumb\"},\"inLanguage\":\"hr\",\"potentialAction\":[{\"@type\":\"ReadAction\",\"target\":[\"https:\/\/senhorapps.com\/politica-de-privacidade\/\"]}]},{\"@type\":\"BreadcrumbList\",\"@id\":\"https:\/\/senhorapps.com\/politica-de-privacidade\/#breadcrumb\",\"itemListElement\":[{\"@type\":\"ListItem\",\"position\":1,\"name\":\"Home\",\"item\":\"https:\/\/senhorapps.com\/en\/\"},{\"@type\":\"ListItem\",\"position\":2,\"name\":\"Pol\u00edtica de Privacidade\"}]},{\"@type\":\"WebSite\",\"@id\":\"https:\/\/senhorapps.com\/en\/#website\",\"url\":\"https:\/\/senhorapps.com\/en\/\",\"name\":\"Senhor Apps\",\"description\":\"\",\"publisher\":{\"@id\":\"https:\/\/senhorapps.com\/en\/#organization\"},\"potentialAction\":[{\"@type\":\"SearchAction\",\"target\":{\"@type\":\"EntryPoint\",\"urlTemplate\":\"https:\/\/senhorapps.com\/en\/?s={search_term_string}\"},\"query-input\":{\"@type\":\"PropertyValueSpecification\",\"valueRequired\":true,\"valueName\":\"search_term_string\"}}],\"inLanguage\":\"hr\"},{\"@type\":\"Organization\",\"@id\":\"https:\/\/senhorapps.com\/en\/#organization\",\"name\":\"Senhor Apps\",\"url\":\"https:\/\/senhorapps.com\/en\/\",\"logo\":{\"@type\":\"ImageObject\",\"inLanguage\":\"hr\",\"@id\":\"https:\/\/senhorapps.com\/en\/#\/schema\/logo\/image\/\",\"url\":\"https:\/\/senhorapps.com\/wp-content\/uploads\/2024\/09\/cropped-logo-srapps.jpeg\",\"contentUrl\":\"https:\/\/senhorapps.com\/wp-content\/uploads\/2024\/09\/cropped-logo-srapps.jpeg\",\"width\":143,\"height\":40,\"caption\":\"Senhor Apps\"},\"image\":{\"@id\":\"https:\/\/senhorapps.com\/en\/#\/schema\/logo\/image\/\"}}]}<\/script>\n<!-- \/ Yoast SEO plugin. -->","yoast_head_json":{"title":"Pravila privatnosti - Senhor Apps","robots":{"index":"index","follow":"follow","max-snippet":"max-snippet:-1","max-image-preview":"max-image-preview:large","max-video-preview":"max-video-preview:-1"},"canonical":"https:\/\/senhorapps.com\/hr\/politica-de-privacidade\/","og_locale":"hr_HR","og_type":"article","og_title":"Pol\u00edtica de Privacidade - Senhor Apps","og_description":"Pol\u00edtica Privacidade A sua privacidade \u00e9 importante para n\u00f3s. \u00c9 pol\u00edtica do Senhor Apps respeitar a sua privacidade em rela\u00e7\u00e3o a qualquer informa\u00e7\u00e3o sua que possamos coletar no site Senhor Apps, e outros sites que possu\u00edmos e operamos. Solicitamos informa\u00e7\u00f5es pessoais apenas quando realmente precisamos delas para lhe fornecer um servi\u00e7o. Fazemo-lo por meios justos &hellip;","og_url":"https:\/\/senhorapps.com\/hr\/politica-de-privacidade\/","og_site_name":"Senhor Apps","twitter_card":"summary_large_image","twitter_misc":{"Procijenjeno vrijeme \u010ditanja":"3 minute"},"schema":{"@context":"https:\/\/schema.org","@graph":[{"@type":"WebPage","@id":"https:\/\/senhorapps.com\/politica-de-privacidade\/","url":"https:\/\/senhorapps.com\/politica-de-privacidade\/","name":"Pravila privatnosti - Senhor Apps","isPartOf":{"@id":"https:\/\/senhorapps.com\/en\/#website"},"datePublished":"2024-02-27T17:37:30+00:00","breadcrumb":{"@id":"https:\/\/senhorapps.com\/politica-de-privacidade\/#breadcrumb"},"inLanguage":"hr","potentialAction":[{"@type":"ReadAction","target":["https:\/\/senhorapps.com\/politica-de-privacidade\/"]}]},{"@type":"BreadcrumbList","@id":"https:\/\/senhorapps.com\/politica-de-privacidade\/#breadcrumb","itemListElement":[{"@type":"ListItem","position":1,"name":"Home","item":"https:\/\/senhorapps.com\/en\/"},{"@type":"ListItem","position":2,"name":"Pol\u00edtica de Privacidade"}]},{"@type":"WebSite","@id":"https:\/\/senhorapps.com\/en\/#website","url":"https:\/\/senhorapps.com\/en\/","name":"Lord Apps","description":"","publisher":{"@id":"https:\/\/senhorapps.com\/en\/#organization"},"potentialAction":[{"@type":"SearchAction","target":{"@type":"EntryPoint","urlTemplate":"https:\/\/senhorapps.com\/en\/?s={search_term_string}"},"query-input":{"@type":"PropertyValueSpecification","valueRequired":true,"valueName":"search_term_string"}}],"inLanguage":"hr"},{"@type":"Organization","@id":"https:\/\/senhorapps.com\/en\/#organization","name":"Lord Apps","url":"https:\/\/senhorapps.com\/en\/","logo":{"@type":"ImageObject","inLanguage":"hr","@id":"https:\/\/senhorapps.com\/en\/#\/schema\/logo\/image\/","url":"https:\/\/senhorapps.com\/wp-content\/uploads\/2024\/09\/cropped-logo-srapps.jpeg","contentUrl":"https:\/\/senhorapps.com\/wp-content\/uploads\/2024\/09\/cropped-logo-srapps.jpeg","width":143,"height":40,"caption":"Senhor Apps"},"image":{"@id":"https:\/\/senhorapps.com\/en\/#\/schema\/logo\/image\/"}}]}},"_links":{"self":[{"href":"https:\/\/senhorapps.com\/hr\/wp-json\/wp\/v2\/pages\/55","targetHints":{"allow":["GET"]}}],"collection":[{"href":"https:\/\/senhorapps.com\/hr\/wp-json\/wp\/v2\/pages"}],"about":[{"href":"https:\/\/senhorapps.com\/hr\/wp-json\/wp\/v2\/types\/page"}],"author":[{"embeddable":true,"href":"https:\/\/senhorapps.com\/hr\/wp-json\/wp\/v2\/users\/10"}],"replies":[{"embeddable":true,"href":"https:\/\/senhorapps.com\/hr\/wp-json\/wp\/v2\/comments?post=55"}],"version-history":[{"count":0,"href":"https:\/\/senhorapps.com\/hr\/wp-json\/wp\/v2\/pages\/55\/revisions"}],"wp:attachment":[{"href":"https:\/\/senhorapps.com\/hr\/wp-json\/wp\/v2\/media?parent=55"}],"curies":[{"name":"radni list","href":"https:\/\/api.w.org\/{rel}","templated":true}]}}