{"id":60,"date":"2024-02-27T14:39:51","date_gmt":"2024-02-27T17:39:51","guid":{"rendered":"https:\/\/senhorapps.com\/?page_id=60"},"modified":"2024-02-27T14:39:51","modified_gmt":"2024-02-27T17:39:51","slug":"termos-e-condicoes","status":"publish","type":"page","link":"https:\/\/senhorapps.com\/hr\/termos-e-condicoes\/","title":{"rendered":"Odredbe i uvjeti"},"content":{"rendered":"<h2><span style=\"color: rgb(68, 68, 68);\">1. Uvjeti<\/span><\/h2><p><span style=\"color: rgb(68, 68, 68);\">Prilikom pristupa web stranici <a href=\"https:\/\/senhorapps.com\/hr\/\">Lord Apps<\/a>, suglasni ste po\u0161tivati \u200b\u200bove uvjete pru\u017eanja usluge, sve primjenjive zakone i propise i sla\u017eete se da ste odgovorni za po\u0161tivanje svih primjenjivih lokalnih zakona. Ako se ne sla\u017eete s bilo kojim od ovih uvjeta, zabranjeno vam je kori\u0161tenje ili pristup ovoj stranici. Materijali sadr\u017eani na ovoj stranici za\u0161ti\u0107eni su va\u017ee\u0107im zakonima o autorskim pravima i za\u0161titnim znakovima.<\/span><\/p><h2><span style=\"color: rgb(68, 68, 68);\">2. Kori\u0161tenje licence<\/span><\/h2><p><span style=\"color: rgb(68, 68, 68);\">Dopu\u0161teno je privremeno preuzimanje jedne kopije materijala (informacija ili softvera) na web stranici Senhor Apps samo za osobno, nekomercijalno prolazno gledanje. Ovo je dodjela licence, a ne prijenos vlasni\u0161tva, i prema ovoj licenci ne smijete:&nbsp;<\/span><\/p><ol><li><span style=\"color: rgb(68, 68, 68);\">mijenjati ili kopirati materijale;&nbsp;<\/span><\/li><li><span style=\"color: rgb(68, 68, 68);\">koristiti materijale u bilo koju komercijalnu svrhu ili za javno prikazivanje (komercijalno ili nekomercijalno);&nbsp;<\/span><\/li><li><span style=\"color: rgb(68, 68, 68);\">poku\u0161ati dekompilirati ili obrnuti in\u017eenjering bilo kojeg softvera sadr\u017eanog na web stranici Senhor Apps;&nbsp;<\/span><\/li><li><span style=\"color: rgb(68, 68, 68);\">ukloniti sva autorska prava ili druge vlasni\u010dke oznake iz materijala; ili&nbsp;<\/span><\/li><li><span style=\"color: rgb(68, 68, 68);\">prenijeti materijale drugoj osobi ili &#039;zrcaliti&#039; materijale na bilo kojem drugom poslu\u017eitelju.<\/span><\/li><\/ol><p><span style=\"color: rgb(68, 68, 68);\">Ova licenca \u0107e automatski prestati ako prekr\u0161ite bilo koje od ovih ograni\u010denja i Senhor Apps je mo\u017ee prekinuti u bilo kojem trenutku. Nakon prestanka pregledavanja ovih materijala ili nakon raskida ove licence, morate izbrisati sve preuzete materijale u svom posjedu, bilo u elektroni\u010dkom ili tiskanom obliku.<\/span><\/p><h2><span style=\"color: rgb(68, 68, 68);\">3. Odricanje od odgovornosti<\/span><\/h2><ol><li><span style=\"color: rgb(68, 68, 68);\">Materijali na web-mjestu g. Appsa daju se na temelju &quot;kakvi jesu&quot;. Mr Apps ne daje nikakva jamstva, izri\u010dita ili pre\u0161utna, te se ovime odri\u010de i negira sva druga jamstva, uklju\u010duju\u0107i, bez ograni\u010denja, pre\u0161utna jamstva ili uvjete utr\u017eivosti, prikladnosti za odre\u0111enu svrhu ili nekr\u0161enja intelektualnog vlasni\u0161tva ili drugog kr\u0161enja prava.<\/span><\/li><li><span style=\"color: rgb(68, 68, 68);\">Nadalje, Mister Apps ne jam\u010di niti daje bilo kakve izjave o to\u010dnosti, vjerojatnim rezultatima ili pouzdanosti upotrebe materijala na svojoj web stranici ili na bilo koji drugi na\u010din koji se odnosi na takve materijale ili na bilo koje stranice povezane s ovom stranicom.<\/span><\/li><\/ol><h2><span style=\"color: rgb(68, 68, 68);\">4. Ograni\u010denja<\/span><\/h2><p><span style=\"color: rgb(68, 68, 68);\">Ni u kojem slu\u010daju Senhor Apps ili njegovi dobavlja\u010di ne\u0107e biti odgovorni za bilo kakvu \u0161tetu (uklju\u010duju\u0107i, bez ograni\u010denja, \u0161tetu zbog gubitka podataka ili dobiti, ili zbog prekida poslovanja) koja proizlazi iz kori\u0161tenja ili nemogu\u0107nosti kori\u0161tenja materijala na Senhor Apps, \u010dak i ako je Senhor Apps ili ovla\u0161teni predstavnik Senhor Apps usmeno ili pismeno obavije\u0161ten o mogu\u0107nosti takve \u0161tete. Budu\u0107i da neke jurisdikcije ne dopu\u0161taju ograni\u010denja implicitnih jamstava ili ograni\u010denja odgovornosti za posljedi\u010dne ili slu\u010dajne \u0161tete, ta se ograni\u010denja mo\u017eda ne odnose na vas.<\/span><\/p><h2><span style=\"color: rgb(68, 68, 68);\">5. Preciznost materijala<\/span><\/h2><p><span style=\"color: rgb(68, 68, 68);\">Materijali koji se pojavljuju na web stranici Senhor Apps mogu sadr\u017eavati tehni\u010dke, tipografske ili fotografske pogre\u0161ke. Senhor Apps ne jam\u010di da su materijali na njegovoj web stranici to\u010dni, potpuni ili aktualni. Senhor Apps mo\u017ee mijenjati materijale sadr\u017eane na svojoj web stranici u bilo koje vrijeme bez prethodne obavijesti. Me\u0111utim, g. Apps se ne obvezuje a\u017eurirati materijale.<\/span><\/p><h2><span style=\"color: rgb(68, 68, 68);\">6. Poveznice<\/span><\/h2><p><span style=\"color: rgb(68, 68, 68);\">Senhor Apps nije pregledao sva mjesta povezana s njegovim web mjestom i nije odgovoran za sadr\u017eaj bilo kojeg povezanog mjesta. Uklju\u010divanje bilo koje poveznice ne zna\u010di da Senhor Apps podr\u017eava web mjesto. Kori\u0161tenje bilo koje povezane stranice je na vlastitu odgovornost korisnika.<\/span><\/p><p><br><\/p><h3><span style=\"color: rgb(68, 68, 68);\">Izmjene<\/span><\/h3><p><span style=\"color: rgb(68, 68, 68);\">Senhor Apps mo\u017ee revidirati ove uvjete pru\u017eanja usluge za svoje web mjesto u bilo kojem trenutku bez prethodne obavijesti. Kori\u0161tenjem ove web stranice pristajete na aktualnu verziju ovih uvjeta pru\u017eanja usluge.<\/span><\/p><h3><span style=\"color: rgb(68, 68, 68);\">Mjerodavno pravo<\/span><\/h3><p><span style=\"color: rgb(68, 68, 68);\">Ovi uvjeti i odredbe ure\u0111eni su i tuma\u010de se u skladu sa zakonima tvrtke Mister Apps, a vi se neopozivo podvrgavate isklju\u010divoj nadle\u017enosti sudova u toj dr\u017eavi ili lokaciji.<\/span><\/p>","protected":false},"excerpt":{"rendered":"<p>1. Termos Ao acessar ao site Senhor Apps, concorda em cumprir estes termos de servi\u00e7o, todas as leis e regulamentos aplic\u00e1veis \u200b\u200be concorda que \u00e9 respons\u00e1vel pelo cumprimento de todas as leis locais aplic\u00e1veis. Se voc\u00ea n\u00e3o concordar com algum desses termos, est\u00e1 proibido de usar ou acessar este site. Os materiais contidos neste site &hellip; <\/p>","protected":false},"author":10,"featured_media":0,"parent":0,"menu_order":0,"comment_status":"closed","ping_status":"closed","template":"","meta":{"footnotes":""},"class_list":["post-60","page","type-page","status-publish","hentry","latest_post"],"yoast_head":"<!-- This site is optimized with the Yoast SEO plugin v26.8 - https:\/\/yoast.com\/product\/yoast-seo-wordpress\/ -->\n<title>Termos e Condi\u00e7\u00f5es - Senhor Apps<\/title>\n<meta name=\"robots\" content=\"index, follow, max-snippet:-1, max-image-preview:large, max-video-preview:-1\" \/>\n<link rel=\"canonical\" href=\"https:\/\/senhorapps.com\/hr\/termos-e-condicoes\/\" \/>\n<meta property=\"og:locale\" content=\"hr_HR\" \/>\n<meta property=\"og:type\" content=\"article\" \/>\n<meta property=\"og:title\" content=\"Termos e Condi\u00e7\u00f5es - Senhor Apps\" \/>\n<meta property=\"og:description\" content=\"1. Termos Ao acessar ao site Senhor Apps, concorda em cumprir estes termos de servi\u00e7o, todas as leis e regulamentos aplic\u00e1veis \u200b\u200be concorda que \u00e9 respons\u00e1vel pelo cumprimento de todas as leis locais aplic\u00e1veis. Se voc\u00ea n\u00e3o concordar com algum desses termos, est\u00e1 proibido de usar ou acessar este site. Os materiais contidos neste site &hellip;\" \/>\n<meta property=\"og:url\" content=\"https:\/\/senhorapps.com\/hr\/termos-e-condicoes\/\" \/>\n<meta property=\"og:site_name\" content=\"Senhor Apps\" \/>\n<meta name=\"twitter:card\" content=\"summary_large_image\" \/>\n<meta name=\"twitter:label1\" content=\"Procijenjeno vrijeme \u010ditanja\" \/>\n\t<meta name=\"twitter:data1\" content=\"3 minute\" \/>\n<script type=\"application\/ld+json\" class=\"yoast-schema-graph\">{\"@context\":\"https:\/\/schema.org\",\"@graph\":[{\"@type\":\"WebPage\",\"@id\":\"https:\/\/senhorapps.com\/termos-e-condicoes\/\",\"url\":\"https:\/\/senhorapps.com\/termos-e-condicoes\/\",\"name\":\"Termos e Condi\u00e7\u00f5es - Senhor Apps\",\"isPartOf\":{\"@id\":\"https:\/\/senhorapps.com\/en\/#website\"},\"datePublished\":\"2024-02-27T17:39:51+00:00\",\"breadcrumb\":{\"@id\":\"https:\/\/senhorapps.com\/termos-e-condicoes\/#breadcrumb\"},\"inLanguage\":\"hr\",\"potentialAction\":[{\"@type\":\"ReadAction\",\"target\":[\"https:\/\/senhorapps.com\/termos-e-condicoes\/\"]}]},{\"@type\":\"BreadcrumbList\",\"@id\":\"https:\/\/senhorapps.com\/termos-e-condicoes\/#breadcrumb\",\"itemListElement\":[{\"@type\":\"ListItem\",\"position\":1,\"name\":\"Home\",\"item\":\"https:\/\/senhorapps.com\/en\/\"},{\"@type\":\"ListItem\",\"position\":2,\"name\":\"Termos e Condi\u00e7\u00f5es\"}]},{\"@type\":\"WebSite\",\"@id\":\"https:\/\/senhorapps.com\/en\/#website\",\"url\":\"https:\/\/senhorapps.com\/en\/\",\"name\":\"Senhor Apps\",\"description\":\"\",\"publisher\":{\"@id\":\"https:\/\/senhorapps.com\/en\/#organization\"},\"potentialAction\":[{\"@type\":\"SearchAction\",\"target\":{\"@type\":\"EntryPoint\",\"urlTemplate\":\"https:\/\/senhorapps.com\/en\/?s={search_term_string}\"},\"query-input\":{\"@type\":\"PropertyValueSpecification\",\"valueRequired\":true,\"valueName\":\"search_term_string\"}}],\"inLanguage\":\"hr\"},{\"@type\":\"Organization\",\"@id\":\"https:\/\/senhorapps.com\/en\/#organization\",\"name\":\"Senhor Apps\",\"url\":\"https:\/\/senhorapps.com\/en\/\",\"logo\":{\"@type\":\"ImageObject\",\"inLanguage\":\"hr\",\"@id\":\"https:\/\/senhorapps.com\/en\/#\/schema\/logo\/image\/\",\"url\":\"https:\/\/senhorapps.com\/wp-content\/uploads\/2024\/09\/cropped-logo-srapps.jpeg\",\"contentUrl\":\"https:\/\/senhorapps.com\/wp-content\/uploads\/2024\/09\/cropped-logo-srapps.jpeg\",\"width\":143,\"height\":40,\"caption\":\"Senhor Apps\"},\"image\":{\"@id\":\"https:\/\/senhorapps.com\/en\/#\/schema\/logo\/image\/\"}}]}<\/script>\n<!-- \/ Yoast SEO plugin. -->","yoast_head_json":{"title":"Termos e Condi\u00e7\u00f5es - Senhor Apps","robots":{"index":"index","follow":"follow","max-snippet":"max-snippet:-1","max-image-preview":"max-image-preview:large","max-video-preview":"max-video-preview:-1"},"canonical":"https:\/\/senhorapps.com\/hr\/termos-e-condicoes\/","og_locale":"hr_HR","og_type":"article","og_title":"Termos e Condi\u00e7\u00f5es - Senhor Apps","og_description":"1. Termos Ao acessar ao site Senhor Apps, concorda em cumprir estes termos de servi\u00e7o, todas as leis e regulamentos aplic\u00e1veis \u200b\u200be concorda que \u00e9 respons\u00e1vel pelo cumprimento de todas as leis locais aplic\u00e1veis. Se voc\u00ea n\u00e3o concordar com algum desses termos, est\u00e1 proibido de usar ou acessar este site. Os materiais contidos neste site &hellip;","og_url":"https:\/\/senhorapps.com\/hr\/termos-e-condicoes\/","og_site_name":"Senhor Apps","twitter_card":"summary_large_image","twitter_misc":{"Procijenjeno vrijeme \u010ditanja":"3 minute"},"schema":{"@context":"https:\/\/schema.org","@graph":[{"@type":"WebPage","@id":"https:\/\/senhorapps.com\/termos-e-condicoes\/","url":"https:\/\/senhorapps.com\/termos-e-condicoes\/","name":"Termos e Condi\u00e7\u00f5es - Senhor Apps","isPartOf":{"@id":"https:\/\/senhorapps.com\/en\/#website"},"datePublished":"2024-02-27T17:39:51+00:00","breadcrumb":{"@id":"https:\/\/senhorapps.com\/termos-e-condicoes\/#breadcrumb"},"inLanguage":"hr","potentialAction":[{"@type":"ReadAction","target":["https:\/\/senhorapps.com\/termos-e-condicoes\/"]}]},{"@type":"BreadcrumbList","@id":"https:\/\/senhorapps.com\/termos-e-condicoes\/#breadcrumb","itemListElement":[{"@type":"ListItem","position":1,"name":"Home","item":"https:\/\/senhorapps.com\/en\/"},{"@type":"ListItem","position":2,"name":"Termos e Condi\u00e7\u00f5es"}]},{"@type":"WebSite","@id":"https:\/\/senhorapps.com\/en\/#website","url":"https:\/\/senhorapps.com\/en\/","name":"Lord Apps","description":"","publisher":{"@id":"https:\/\/senhorapps.com\/en\/#organization"},"potentialAction":[{"@type":"SearchAction","target":{"@type":"EntryPoint","urlTemplate":"https:\/\/senhorapps.com\/en\/?s={search_term_string}"},"query-input":{"@type":"PropertyValueSpecification","valueRequired":true,"valueName":"search_term_string"}}],"inLanguage":"hr"},{"@type":"Organization","@id":"https:\/\/senhorapps.com\/en\/#organization","name":"Lord Apps","url":"https:\/\/senhorapps.com\/en\/","logo":{"@type":"ImageObject","inLanguage":"hr","@id":"https:\/\/senhorapps.com\/en\/#\/schema\/logo\/image\/","url":"https:\/\/senhorapps.com\/wp-content\/uploads\/2024\/09\/cropped-logo-srapps.jpeg","contentUrl":"https:\/\/senhorapps.com\/wp-content\/uploads\/2024\/09\/cropped-logo-srapps.jpeg","width":143,"height":40,"caption":"Senhor Apps"},"image":{"@id":"https:\/\/senhorapps.com\/en\/#\/schema\/logo\/image\/"}}]}},"_links":{"self":[{"href":"https:\/\/senhorapps.com\/hr\/wp-json\/wp\/v2\/pages\/60","targetHints":{"allow":["GET"]}}],"collection":[{"href":"https:\/\/senhorapps.com\/hr\/wp-json\/wp\/v2\/pages"}],"about":[{"href":"https:\/\/senhorapps.com\/hr\/wp-json\/wp\/v2\/types\/page"}],"author":[{"embeddable":true,"href":"https:\/\/senhorapps.com\/hr\/wp-json\/wp\/v2\/users\/10"}],"replies":[{"embeddable":true,"href":"https:\/\/senhorapps.com\/hr\/wp-json\/wp\/v2\/comments?post=60"}],"version-history":[{"count":0,"href":"https:\/\/senhorapps.com\/hr\/wp-json\/wp\/v2\/pages\/60\/revisions"}],"wp:attachment":[{"href":"https:\/\/senhorapps.com\/hr\/wp-json\/wp\/v2\/media?parent=60"}],"curies":[{"name":"radni list","href":"https:\/\/api.w.org\/{rel}","templated":true}]}}