{"id":60,"date":"2024-02-27T14:39:51","date_gmt":"2024-02-27T17:39:51","guid":{"rendered":"https:\/\/senhorapps.com\/?page_id=60"},"modified":"2024-02-27T14:39:51","modified_gmt":"2024-02-27T17:39:51","slug":"termos-e-condicoes","status":"publish","type":"page","link":"https:\/\/senhorapps.com\/ms\/termos-e-condicoes\/","title":{"rendered":"Terma dan Syarat"},"content":{"rendered":"<h2><span style=\"color: rgb(68, 68, 68);\">1. Syarat<\/span><\/h2><p><span style=\"color: rgb(68, 68, 68);\">Apabila mengakses laman web <a href=\"https:\/\/senhorapps.com\/ms\/\">Encik Apps<\/a>, anda bersetuju untuk mematuhi syarat perkhidmatan ini, semua undang-undang dan peraturan yang berkenaan, dan bersetuju bahawa anda bertanggungjawab untuk mematuhi semua undang-undang tempatan yang berkenaan. Jika anda tidak bersetuju dengan mana-mana syarat ini, anda dilarang menggunakan atau mengakses laman web ini. Bahan-bahan yang terkandung dalam laman web ini dilindungi oleh undang-undang hak cipta dan tanda dagangan yang berkenaan.<\/span><\/p><h2><span style=\"color: rgb(68, 68, 68);\">2. Gunakan Lesen<\/span><\/h2><p><span style=\"color: rgb(68, 68, 68);\">Kebenaran diberikan untuk memuat turun sementara satu salinan bahan (maklumat atau perisian) di tapak web Senhor Apps untuk tontonan sementara bukan komersial sahaja. Ini adalah pemberian lesen, bukan pemindahan hak milik, dan di bawah lesen ini anda tidak boleh:&nbsp;<\/span><\/p><ol><li><span style=\"color: rgb(68, 68, 68);\">mengubah suai atau menyalin bahan;&nbsp;<\/span><\/li><li><span style=\"color: rgb(68, 68, 68);\">menggunakan bahan untuk sebarang tujuan komersial, atau untuk sebarang paparan awam (komersil atau bukan komersial);&nbsp;<\/span><\/li><li><span style=\"color: rgb(68, 68, 68);\">cuba menyahkompilasi atau merekayasa balik mana-mana perisian yang terkandung di tapak web Senhor Apps;&nbsp;<\/span><\/li><li><span style=\"color: rgb(68, 68, 68);\">mengalih keluar sebarang hak cipta atau notasi proprietari lain daripada bahan; atau&nbsp;<\/span><\/li><li><span style=\"color: rgb(68, 68, 68);\">pindahkan bahan kepada orang lain atau &#039;cerminkan&#039; bahan pada mana-mana pelayan lain.<\/span><\/li><\/ol><p><span style=\"color: rgb(68, 68, 68);\">Lesen ini akan ditamatkan secara automatik jika anda melanggar mana-mana sekatan ini dan boleh ditamatkan oleh Senhor Apps pada bila-bila masa. Selepas menamatkan tontonan anda terhadap bahan-bahan ini atau selepas penamatan lesen ini, anda mesti memusnahkan sebarang bahan yang dimuat turun dalam simpanan anda sama ada dalam format elektronik atau bercetak.<\/span><\/p><h2><span style=\"color: rgb(68, 68, 68);\">3. Penafian<\/span><\/h2><ol><li><span style=\"color: rgb(68, 68, 68);\">Bahan-bahan di laman web Senhor Apps disediakan &#039;seadanya&#039;. Senhor Apps tidak membuat waranti, tersurat atau tersirat, dan dengan ini menafikan dan menafikan semua waranti lain, termasuk tanpa had, waranti tersirat atau syarat kebolehdagangan, kesesuaian untuk tujuan tertentu, atau bukan pelanggaran harta intelek atau pelanggaran hak yang lain.<\/span><\/li><li><span style=\"color: rgb(68, 68, 68);\">Selanjutnya, Senhor Apps tidak menjamin atau membuat sebarang representasi mengenai ketepatan, kemungkinan keputusan, atau kebolehpercayaan penggunaan bahan di tapak webnya atau sebaliknya berkaitan dengan bahan tersebut atau di mana-mana tapak yang dipautkan ke tapak ini.<\/span><\/li><\/ol><h2><span style=\"color: rgb(68, 68, 68);\">4. Had<\/span><\/h2><p><span style=\"color: rgb(68, 68, 68);\">Senhor Apps atau pembekalnya tidak akan bertanggungjawab ke atas sebarang kerosakan (termasuk, tanpa had, kerosakan untuk kehilangan data atau keuntungan, atau akibat gangguan perniagaan) yang timbul daripada penggunaan atau ketidakupayaan untuk menggunakan bahan pada Senhor Apps, walaupun jika Senhor Apps atau wakil diberi kuasa Senhor Apps telah dimaklumkan secara lisan atau bertulis tentang kemungkinan kerosakan tersebut. Oleh kerana sesetengah bidang kuasa tidak membenarkan pengehadan ke atas waranti tersirat, atau pengehadan liabiliti untuk ganti rugi berbangkit atau sampingan, pengehadan ini mungkin tidak terpakai kepada anda.<\/span><\/p><h2><span style=\"color: rgb(68, 68, 68);\">5. Ketepatan bahan<\/span><\/h2><p><span style=\"color: rgb(68, 68, 68);\">Bahan yang dipaparkan di tapak web Senhor Apps mungkin termasuk ralat teknikal, tipografi atau fotografi. Senhor Apps tidak menjamin bahawa sebarang bahan di tapak webnya adalah tepat, lengkap atau terkini. Senhor Apps boleh membuat perubahan pada bahan yang terkandung di tapak webnya pada bila-bila masa tanpa notis. Walau bagaimanapun, Senhor Apps tidak membuat sebarang komitmen untuk mengemas kini bahan.<\/span><\/p><h2><span style=\"color: rgb(68, 68, 68);\">6. Pautan<\/span><\/h2><p><span style=\"color: rgb(68, 68, 68);\">Senhor Apps belum menyemak semua tapak yang dipautkan ke tapak webnya dan tidak bertanggungjawab ke atas kandungan mana-mana tapak terpaut tersebut. Kemasukan mana-mana pautan tidak membayangkan pengesahan oleh Senhor Apps tapak. Penggunaan mana-mana tapak web yang dipautkan adalah atas risiko pengguna sendiri.<\/span><\/p><p><br><\/p><h3><span style=\"color: rgb(68, 68, 68);\">Pengubahsuaian<\/span><\/h3><p><span style=\"color: rgb(68, 68, 68);\">Senhor Apps boleh menyemak syarat perkhidmatan ini untuk tapak webnya pada bila-bila masa tanpa notis. Dengan menggunakan tapak web ini, anda bersetuju untuk terikat dengan versi semasa bagi syarat perkhidmatan ini.<\/span><\/p><h3><span style=\"color: rgb(68, 68, 68);\">Undang-undang yang terpakai<\/span><\/h3><p><span style=\"color: rgb(68, 68, 68);\">Terma dan syarat ini ditadbir oleh dan ditafsirkan mengikut undang-undang Senhor Apps dan anda tidak boleh ditarik balik kepada bidang kuasa eksklusif mahkamah di Negeri atau lokasi tersebut.<\/span><\/p>","protected":false},"excerpt":{"rendered":"<p>1. Termos Ao acessar ao site Senhor Apps, concorda em cumprir estes termos de servi\u00e7o, todas as leis e regulamentos aplic\u00e1veis \u200b\u200be concorda que \u00e9 respons\u00e1vel pelo cumprimento de todas as leis locais aplic\u00e1veis. Se voc\u00ea n\u00e3o concordar com algum desses termos, est\u00e1 proibido de usar ou acessar este site. Os materiais contidos neste site &hellip; <\/p>","protected":false},"author":10,"featured_media":0,"parent":0,"menu_order":0,"comment_status":"closed","ping_status":"closed","template":"","meta":{"footnotes":""},"class_list":["post-60","page","type-page","status-publish","hentry","latest_post"],"yoast_head":"<!-- This site is optimized with the Yoast SEO plugin v26.8 - https:\/\/yoast.com\/product\/yoast-seo-wordpress\/ -->\n<title>Termos e Condi\u00e7\u00f5es - Senhor Apps<\/title>\n<meta name=\"robots\" content=\"index, follow, max-snippet:-1, max-image-preview:large, max-video-preview:-1\" \/>\n<link rel=\"canonical\" href=\"https:\/\/senhorapps.com\/ms\/termos-e-condicoes\/\" \/>\n<meta property=\"og:locale\" content=\"ms_MY\" \/>\n<meta property=\"og:type\" content=\"article\" \/>\n<meta property=\"og:title\" content=\"Termos e Condi\u00e7\u00f5es - Senhor Apps\" \/>\n<meta property=\"og:description\" content=\"1. Termos Ao acessar ao site Senhor Apps, concorda em cumprir estes termos de servi\u00e7o, todas as leis e regulamentos aplic\u00e1veis \u200b\u200be concorda que \u00e9 respons\u00e1vel pelo cumprimento de todas as leis locais aplic\u00e1veis. Se voc\u00ea n\u00e3o concordar com algum desses termos, est\u00e1 proibido de usar ou acessar este site. Os materiais contidos neste site &hellip;\" \/>\n<meta property=\"og:url\" content=\"https:\/\/senhorapps.com\/ms\/termos-e-condicoes\/\" \/>\n<meta property=\"og:site_name\" content=\"Senhor Apps\" \/>\n<meta name=\"twitter:card\" content=\"summary_large_image\" \/>\n<meta name=\"twitter:label1\" content=\"Est. reading time\" \/>\n\t<meta name=\"twitter:data1\" content=\"3 minit\" \/>\n<script type=\"application\/ld+json\" class=\"yoast-schema-graph\">{\"@context\":\"https:\/\/schema.org\",\"@graph\":[{\"@type\":\"WebPage\",\"@id\":\"https:\/\/senhorapps.com\/termos-e-condicoes\/\",\"url\":\"https:\/\/senhorapps.com\/termos-e-condicoes\/\",\"name\":\"Termos e Condi\u00e7\u00f5es - Senhor Apps\",\"isPartOf\":{\"@id\":\"https:\/\/senhorapps.com\/en\/#website\"},\"datePublished\":\"2024-02-27T17:39:51+00:00\",\"breadcrumb\":{\"@id\":\"https:\/\/senhorapps.com\/termos-e-condicoes\/#breadcrumb\"},\"inLanguage\":\"ms-MY\",\"potentialAction\":[{\"@type\":\"ReadAction\",\"target\":[\"https:\/\/senhorapps.com\/termos-e-condicoes\/\"]}]},{\"@type\":\"BreadcrumbList\",\"@id\":\"https:\/\/senhorapps.com\/termos-e-condicoes\/#breadcrumb\",\"itemListElement\":[{\"@type\":\"ListItem\",\"position\":1,\"name\":\"Home\",\"item\":\"https:\/\/senhorapps.com\/en\/\"},{\"@type\":\"ListItem\",\"position\":2,\"name\":\"Termos e Condi\u00e7\u00f5es\"}]},{\"@type\":\"WebSite\",\"@id\":\"https:\/\/senhorapps.com\/en\/#website\",\"url\":\"https:\/\/senhorapps.com\/en\/\",\"name\":\"Senhor Apps\",\"description\":\"\",\"publisher\":{\"@id\":\"https:\/\/senhorapps.com\/en\/#organization\"},\"potentialAction\":[{\"@type\":\"SearchAction\",\"target\":{\"@type\":\"EntryPoint\",\"urlTemplate\":\"https:\/\/senhorapps.com\/en\/?s={search_term_string}\"},\"query-input\":{\"@type\":\"PropertyValueSpecification\",\"valueRequired\":true,\"valueName\":\"search_term_string\"}}],\"inLanguage\":\"ms-MY\"},{\"@type\":\"Organization\",\"@id\":\"https:\/\/senhorapps.com\/en\/#organization\",\"name\":\"Senhor Apps\",\"url\":\"https:\/\/senhorapps.com\/en\/\",\"logo\":{\"@type\":\"ImageObject\",\"inLanguage\":\"ms-MY\",\"@id\":\"https:\/\/senhorapps.com\/en\/#\/schema\/logo\/image\/\",\"url\":\"https:\/\/senhorapps.com\/wp-content\/uploads\/2024\/09\/cropped-logo-srapps.jpeg\",\"contentUrl\":\"https:\/\/senhorapps.com\/wp-content\/uploads\/2024\/09\/cropped-logo-srapps.jpeg\",\"width\":143,\"height\":40,\"caption\":\"Senhor Apps\"},\"image\":{\"@id\":\"https:\/\/senhorapps.com\/en\/#\/schema\/logo\/image\/\"}}]}<\/script>\n<!-- \/ Yoast SEO plugin. -->","yoast_head_json":{"title":"Termos e Condi\u00e7\u00f5es - Senhor Apps","robots":{"index":"index","follow":"follow","max-snippet":"max-snippet:-1","max-image-preview":"max-image-preview:large","max-video-preview":"max-video-preview:-1"},"canonical":"https:\/\/senhorapps.com\/ms\/termos-e-condicoes\/","og_locale":"ms_MY","og_type":"article","og_title":"Termos e Condi\u00e7\u00f5es - Senhor Apps","og_description":"1. Termos Ao acessar ao site Senhor Apps, concorda em cumprir estes termos de servi\u00e7o, todas as leis e regulamentos aplic\u00e1veis \u200b\u200be concorda que \u00e9 respons\u00e1vel pelo cumprimento de todas as leis locais aplic\u00e1veis. Se voc\u00ea n\u00e3o concordar com algum desses termos, est\u00e1 proibido de usar ou acessar este site. Os materiais contidos neste site &hellip;","og_url":"https:\/\/senhorapps.com\/ms\/termos-e-condicoes\/","og_site_name":"Senhor Apps","twitter_card":"summary_large_image","twitter_misc":{"Est. reading time":"3 minit"},"schema":{"@context":"https:\/\/schema.org","@graph":[{"@type":"WebPage","@id":"https:\/\/senhorapps.com\/termos-e-condicoes\/","url":"https:\/\/senhorapps.com\/termos-e-condicoes\/","name":"Termos e Condi\u00e7\u00f5es - Senhor Apps","isPartOf":{"@id":"https:\/\/senhorapps.com\/en\/#website"},"datePublished":"2024-02-27T17:39:51+00:00","breadcrumb":{"@id":"https:\/\/senhorapps.com\/termos-e-condicoes\/#breadcrumb"},"inLanguage":"ms-MY","potentialAction":[{"@type":"ReadAction","target":["https:\/\/senhorapps.com\/termos-e-condicoes\/"]}]},{"@type":"BreadcrumbList","@id":"https:\/\/senhorapps.com\/termos-e-condicoes\/#breadcrumb","itemListElement":[{"@type":"ListItem","position":1,"name":"Home","item":"https:\/\/senhorapps.com\/en\/"},{"@type":"ListItem","position":2,"name":"Termos e Condi\u00e7\u00f5es"}]},{"@type":"WebSite","@id":"https:\/\/senhorapps.com\/en\/#website","url":"https:\/\/senhorapps.com\/en\/","name":"Encik Apps","description":"","publisher":{"@id":"https:\/\/senhorapps.com\/en\/#organization"},"potentialAction":[{"@type":"SearchAction","target":{"@type":"EntryPoint","urlTemplate":"https:\/\/senhorapps.com\/en\/?s={search_term_string}"},"query-input":{"@type":"PropertyValueSpecification","valueRequired":true,"valueName":"search_term_string"}}],"inLanguage":"ms-MY"},{"@type":"Organization","@id":"https:\/\/senhorapps.com\/en\/#organization","name":"Encik Apps","url":"https:\/\/senhorapps.com\/en\/","logo":{"@type":"ImageObject","inLanguage":"ms-MY","@id":"https:\/\/senhorapps.com\/en\/#\/schema\/logo\/image\/","url":"https:\/\/senhorapps.com\/wp-content\/uploads\/2024\/09\/cropped-logo-srapps.jpeg","contentUrl":"https:\/\/senhorapps.com\/wp-content\/uploads\/2024\/09\/cropped-logo-srapps.jpeg","width":143,"height":40,"caption":"Senhor Apps"},"image":{"@id":"https:\/\/senhorapps.com\/en\/#\/schema\/logo\/image\/"}}]}},"_links":{"self":[{"href":"https:\/\/senhorapps.com\/ms\/wp-json\/wp\/v2\/pages\/60","targetHints":{"allow":["GET"]}}],"collection":[{"href":"https:\/\/senhorapps.com\/ms\/wp-json\/wp\/v2\/pages"}],"about":[{"href":"https:\/\/senhorapps.com\/ms\/wp-json\/wp\/v2\/types\/page"}],"author":[{"embeddable":true,"href":"https:\/\/senhorapps.com\/ms\/wp-json\/wp\/v2\/users\/10"}],"replies":[{"embeddable":true,"href":"https:\/\/senhorapps.com\/ms\/wp-json\/wp\/v2\/comments?post=60"}],"version-history":[{"count":0,"href":"https:\/\/senhorapps.com\/ms\/wp-json\/wp\/v2\/pages\/60\/revisions"}],"wp:attachment":[{"href":"https:\/\/senhorapps.com\/ms\/wp-json\/wp\/v2\/media?parent=60"}],"curies":[{"name":"wp","href":"https:\/\/api.w.org\/{rel}","templated":true}]}}