{"id":55,"date":"2024-02-27T14:37:30","date_gmt":"2024-02-27T17:37:30","guid":{"rendered":"https:\/\/senhorapps.com\/?page_id=55"},"modified":"2024-02-27T14:37:30","modified_gmt":"2024-02-27T17:37:30","slug":"politica-de-privacidade","status":"publish","type":"page","link":"https:\/\/senhorapps.com\/sl\/politica-de-privacidade\/","title":{"rendered":"Politika zasebnosti"},"content":{"rendered":"<h2><span style=\"color: rgb(68, 68, 68);\">Politika zasebnosti<\/span><\/h2><p><span style=\"color: rgb(68, 68, 68);\">Va\u0161a zasebnost nam je pomembna. Politika podjetja Senhor Apps je, da spo\u0161tuje va\u0161o zasebnost v zvezi s kakr\u0161nimi koli informacijami, ki jih lahko zberemo od vas na na\u0161em spletnem mestu. <a href=\"https:\/\/senhorapps.com\/sl\/\">Lord Apps<\/a>, in druga spletna mesta, ki jih imamo v lasti in jih upravljamo.<\/span><\/p><p><span style=\"color: rgb(68, 68, 68);\">Osebne podatke zahtevamo le, kadar jih resni\u010dno potrebujemo za zagotavljanje storitve. To po\u010dnemo na po\u0161ten in zakonit na\u010din, z va\u0161o vednostjo in soglasjem. Obve\u0161\u010damo vas tudi, zakaj ga zbiramo in kako ga bomo uporabljali.<\/span><\/p><p><span style=\"color: rgb(68, 68, 68);\">Zbrane podatke hranimo samo toliko \u010dasa, kolikor je potrebno, da vam zagotovimo zahtevano storitev. Podatke, ki jih hranimo, bomo za\u0161\u010ditili na komercialno sprejemljive na\u010dine, da prepre\u010dimo izgubo in krajo ter nepoobla\u0161\u010den dostop, razkritje, kopiranje, uporabo ali spreminjanje.<\/span><\/p><p><span style=\"color: rgb(68, 68, 68);\">Nobenih osebnih podatkov ne delimo javno ali s tretjimi osebami, razen \u010de tako zahteva zakon.<\/span><\/p><p><span style=\"color: rgb(68, 68, 68);\">Na\u0161e spletno mesto lahko vsebuje povezave do zunanjih spletnih mest, ki jih ne upravljamo mi. Zavedajte se, da nimamo nadzora nad vsebino in praksami teh spletnih mest in ne moremo prevzeti odgovornosti zanje&nbsp;<\/span><a href=\"https:\/\/politicaprivacidade.com\/\" rel=\"noopener noreferrer\" target=\"_blank\" style=\"background-color: transparent; color: rgb(68, 68, 68);\">politike zasebnosti<\/a><span style=\"color: rgb(68, 68, 68);\">.<\/span><\/p><p><span style=\"color: rgb(68, 68, 68);\">Na\u0161o zahtevo po va\u0161ih osebnih podatkih lahko zavrnete, pri \u010demer se zavedate, da vam morda ne bomo mogli zagotoviti nekaterih \u017eelenih storitev.<\/span><\/p><p><span style=\"color: rgb(68, 68, 68);\">Va\u0161a nadaljnja uporaba na\u0161ega spletnega mesta bo obravnavana kot sprejemanje na\u0161ih praks glede zasebnosti in osebnih podatkov. \u010ce imate kakr\u0161na koli vpra\u0161anja o tem, kako ravnamo z uporabni\u0161kimi in osebnimi podatki, se obrnite na nas.<\/span><\/p><p><span style=\"color: rgb(68, 68, 68);\"><ul><li><span style=\"color: rgb(68, 68, 68);\">Storitev Google AdSense, ki jo uporabljamo za ogla\u0161evanje, uporablja pi\u0161kotek DoubleClick za prikazovanje ustreznej\u0161ih oglasov po spletu in omejevanje \u0161tevila prikazov dolo\u010denega oglasa.<\/span><\/li><li><span style=\"color: rgb(68, 68, 68);\">Za ve\u010d informacij o Google AdSense glejte uradna pogosta vpra\u0161anja o zasebnosti Google AdSense.<\/span><\/li><li><span style=\"color: rgb(68, 68, 68);\">Z oglasi pokrivamo stro\u0161ke delovanja te spletne strani in zagotavljamo sredstva za prihodnji razvoj. Pi\u0161kotki za vedenjsko ogla\u0161evanje, ki jih uporablja to spletno mesto, so zasnovani tako, da vam zagotovijo najustreznej\u0161e oglase, kjer je to mogo\u010de, z anonimnim sledenjem va\u0161im zanimanjem in predstavitvijo podobnih stvari, ki bi lahko bile zanimive.<\/span><\/li><li><span style=\"color: rgb(68, 68, 68);\">Ve\u010d partnerjev ogla\u0161uje v na\u0161em imenu in pi\u0161kotki za sledenje pridru\u017eenih partnerjev nam preprosto omogo\u010dajo, da vidimo, ali so na\u0161e stranke pri\u0161le na spletno mesto prek enega od na\u0161ih partnerskih spletnih mest, tako da jih lahko ustrezno kreditiramo in, kjer je primerno, dovolimo na\u0161im pridru\u017eenim partnerjem, da zagotovijo kakr\u0161en koli bonus, ki vam ga lahko zagotovijo za nakup.<\/span><\/li><\/ul><p><br><\/p><\/span><\/p><h3><span style=\"color: rgb(68, 68, 68);\">Zaveza uporabnika<\/span><\/h3><p><span style=\"color: rgb(68, 68, 68);\">Uporabnik se zavezuje, da bo ustrezno uporabljal vsebino in informacije, ki jih Senhor Apps ponuja na spletnem mestu in na primer, a ne omejeno na:<\/span><\/p><ul><li><span style=\"color: rgb(68, 68, 68);\">A) Ne sodelujejo v dejavnostih, ki so nezakonite ali v nasprotju z dobro vero in javnim redom;<\/span><\/li><li><span style=\"color: rgb(68, 68, 68);\">B) Ne raz\u0161irjajte propagande ali vsebine rasisti\u010dne, ksenofobne narave, <\/span><span style=\"color: rgb(33, 37, 41);\"><a href='https:\/\/betnacionalbrasil.br.com' style='color:inherit !important; text-decoration: none !important; font-size: inherit !important;'>Nacionalna stava<\/a><\/span><span style=\"color: rgb(68, 68, 68);\"> ali smola, kakr\u0161na koli nezakonita pornografija, ki podpira terorizem ali proti \u010dlovekovim pravicam;<\/span><\/li><li><span style=\"color: rgb(68, 68, 68);\">C) Ne povzro\u010dati \u0161kode fizi\u010dnim (strojna oprema) in logi\u010dnim (programska oprema) sistemom Senhor Apps, njegovih dobaviteljev ali tretjih oseb, vna\u0161ati ali raz\u0161irjati ra\u010dunalni\u0161kih virusov ali drugih sistemov strojne ali programske opreme, ki lahko povzro\u010dijo prej omenjeno \u0161kodo.<\/span><\/li><\/ul><h3><span style=\"color: rgb(68, 68, 68);\">Ve\u010d informacij<\/span><\/h3><p><span style=\"color: rgb(68, 68, 68);\">Upajmo, da vam je to razjasnilo stvari in kot je bilo \u017ee omenjeno, \u010de obstaja nekaj, za kar niste prepri\u010dani, ali ga potrebujete ali ne, je obi\u010dajno varneje pustiti pi\u0161kotke omogo\u010dene, \u010de delujejo z eno od funkcij, ki jih uporabljate na na\u0161em spletnem mestu.<\/span><\/p><p><span style=\"color: rgb(68, 68, 68);\">Ta pravilnik velja od 27. februarja 2024 ob 17.36<\/span><\/p>","protected":false},"excerpt":{"rendered":"<p>Pol\u00edtica Privacidade A sua privacidade \u00e9 importante para n\u00f3s. \u00c9 pol\u00edtica do Senhor Apps respeitar a sua privacidade em rela\u00e7\u00e3o a qualquer informa\u00e7\u00e3o sua que possamos coletar no site Senhor Apps, e outros sites que possu\u00edmos e operamos. Solicitamos informa\u00e7\u00f5es pessoais apenas quando realmente precisamos delas para lhe fornecer um servi\u00e7o. Fazemo-lo por meios justos &hellip; <\/p>","protected":false},"author":10,"featured_media":0,"parent":0,"menu_order":0,"comment_status":"closed","ping_status":"closed","template":"","meta":{"footnotes":""},"class_list":["post-55","page","type-page","status-publish","hentry","latest_post"],"yoast_head":"<!-- This site is optimized with the Yoast SEO plugin v26.8 - https:\/\/yoast.com\/product\/yoast-seo-wordpress\/ -->\n<title>Pol\u00edtica de Privacidade - Senhor Apps<\/title>\n<meta name=\"robots\" content=\"index, follow, max-snippet:-1, max-image-preview:large, max-video-preview:-1\" \/>\n<link rel=\"canonical\" href=\"https:\/\/senhorapps.com\/sl\/politica-de-privacidade\/\" \/>\n<meta property=\"og:locale\" content=\"sl_SI\" \/>\n<meta property=\"og:type\" content=\"article\" \/>\n<meta property=\"og:title\" content=\"Pol\u00edtica de Privacidade - Senhor Apps\" \/>\n<meta property=\"og:description\" content=\"Pol\u00edtica Privacidade A sua privacidade \u00e9 importante para n\u00f3s. \u00c9 pol\u00edtica do Senhor Apps respeitar a sua privacidade em rela\u00e7\u00e3o a qualquer informa\u00e7\u00e3o sua que possamos coletar no site Senhor Apps, e outros sites que possu\u00edmos e operamos. Solicitamos informa\u00e7\u00f5es pessoais apenas quando realmente precisamos delas para lhe fornecer um servi\u00e7o. Fazemo-lo por meios justos &hellip;\" \/>\n<meta property=\"og:url\" content=\"https:\/\/senhorapps.com\/sl\/politica-de-privacidade\/\" \/>\n<meta property=\"og:site_name\" content=\"Senhor Apps\" \/>\n<meta name=\"twitter:card\" content=\"summary_large_image\" \/>\n<meta name=\"twitter:label1\" content=\"Est. reading time\" \/>\n\t<meta name=\"twitter:data1\" content=\"3 minute\" \/>\n<script type=\"application\/ld+json\" class=\"yoast-schema-graph\">{\"@context\":\"https:\/\/schema.org\",\"@graph\":[{\"@type\":\"WebPage\",\"@id\":\"https:\/\/senhorapps.com\/politica-de-privacidade\/\",\"url\":\"https:\/\/senhorapps.com\/politica-de-privacidade\/\",\"name\":\"Pol\u00edtica de Privacidade - Senhor Apps\",\"isPartOf\":{\"@id\":\"https:\/\/senhorapps.com\/en\/#website\"},\"datePublished\":\"2024-02-27T17:37:30+00:00\",\"breadcrumb\":{\"@id\":\"https:\/\/senhorapps.com\/politica-de-privacidade\/#breadcrumb\"},\"inLanguage\":\"sl-SI\",\"potentialAction\":[{\"@type\":\"ReadAction\",\"target\":[\"https:\/\/senhorapps.com\/politica-de-privacidade\/\"]}]},{\"@type\":\"BreadcrumbList\",\"@id\":\"https:\/\/senhorapps.com\/politica-de-privacidade\/#breadcrumb\",\"itemListElement\":[{\"@type\":\"ListItem\",\"position\":1,\"name\":\"Home\",\"item\":\"https:\/\/senhorapps.com\/en\/\"},{\"@type\":\"ListItem\",\"position\":2,\"name\":\"Pol\u00edtica de Privacidade\"}]},{\"@type\":\"WebSite\",\"@id\":\"https:\/\/senhorapps.com\/en\/#website\",\"url\":\"https:\/\/senhorapps.com\/en\/\",\"name\":\"Senhor Apps\",\"description\":\"\",\"publisher\":{\"@id\":\"https:\/\/senhorapps.com\/en\/#organization\"},\"potentialAction\":[{\"@type\":\"SearchAction\",\"target\":{\"@type\":\"EntryPoint\",\"urlTemplate\":\"https:\/\/senhorapps.com\/en\/?s={search_term_string}\"},\"query-input\":{\"@type\":\"PropertyValueSpecification\",\"valueRequired\":true,\"valueName\":\"search_term_string\"}}],\"inLanguage\":\"sl-SI\"},{\"@type\":\"Organization\",\"@id\":\"https:\/\/senhorapps.com\/en\/#organization\",\"name\":\"Senhor Apps\",\"url\":\"https:\/\/senhorapps.com\/en\/\",\"logo\":{\"@type\":\"ImageObject\",\"inLanguage\":\"sl-SI\",\"@id\":\"https:\/\/senhorapps.com\/en\/#\/schema\/logo\/image\/\",\"url\":\"https:\/\/senhorapps.com\/wp-content\/uploads\/2024\/09\/cropped-logo-srapps.jpeg\",\"contentUrl\":\"https:\/\/senhorapps.com\/wp-content\/uploads\/2024\/09\/cropped-logo-srapps.jpeg\",\"width\":143,\"height\":40,\"caption\":\"Senhor Apps\"},\"image\":{\"@id\":\"https:\/\/senhorapps.com\/en\/#\/schema\/logo\/image\/\"}}]}<\/script>\n<!-- \/ Yoast SEO plugin. -->","yoast_head_json":{"title":"Pol\u00edtica de Privacidade - Senhor Apps","robots":{"index":"index","follow":"follow","max-snippet":"max-snippet:-1","max-image-preview":"max-image-preview:large","max-video-preview":"max-video-preview:-1"},"canonical":"https:\/\/senhorapps.com\/sl\/politica-de-privacidade\/","og_locale":"sl_SI","og_type":"article","og_title":"Pol\u00edtica de Privacidade - Senhor Apps","og_description":"Pol\u00edtica Privacidade A sua privacidade \u00e9 importante para n\u00f3s. \u00c9 pol\u00edtica do Senhor Apps respeitar a sua privacidade em rela\u00e7\u00e3o a qualquer informa\u00e7\u00e3o sua que possamos coletar no site Senhor Apps, e outros sites que possu\u00edmos e operamos. Solicitamos informa\u00e7\u00f5es pessoais apenas quando realmente precisamos delas para lhe fornecer um servi\u00e7o. Fazemo-lo por meios justos &hellip;","og_url":"https:\/\/senhorapps.com\/sl\/politica-de-privacidade\/","og_site_name":"Senhor Apps","twitter_card":"summary_large_image","twitter_misc":{"Est. reading time":"3 minute"},"schema":{"@context":"https:\/\/schema.org","@graph":[{"@type":"WebPage","@id":"https:\/\/senhorapps.com\/politica-de-privacidade\/","url":"https:\/\/senhorapps.com\/politica-de-privacidade\/","name":"Pol\u00edtica de Privacidade - Senhor Apps","isPartOf":{"@id":"https:\/\/senhorapps.com\/en\/#website"},"datePublished":"2024-02-27T17:37:30+00:00","breadcrumb":{"@id":"https:\/\/senhorapps.com\/politica-de-privacidade\/#breadcrumb"},"inLanguage":"sl-SI","potentialAction":[{"@type":"ReadAction","target":["https:\/\/senhorapps.com\/politica-de-privacidade\/"]}]},{"@type":"BreadcrumbList","@id":"https:\/\/senhorapps.com\/politica-de-privacidade\/#breadcrumb","itemListElement":[{"@type":"ListItem","position":1,"name":"Home","item":"https:\/\/senhorapps.com\/en\/"},{"@type":"ListItem","position":2,"name":"Pol\u00edtica de Privacidade"}]},{"@type":"WebSite","@id":"https:\/\/senhorapps.com\/en\/#website","url":"https:\/\/senhorapps.com\/en\/","name":"Lord Apps","description":"","publisher":{"@id":"https:\/\/senhorapps.com\/en\/#organization"},"potentialAction":[{"@type":"SearchAction","target":{"@type":"EntryPoint","urlTemplate":"https:\/\/senhorapps.com\/en\/?s={search_term_string}"},"query-input":{"@type":"PropertyValueSpecification","valueRequired":true,"valueName":"search_term_string"}}],"inLanguage":"sl-SI"},{"@type":"Organization","@id":"https:\/\/senhorapps.com\/en\/#organization","name":"Lord Apps","url":"https:\/\/senhorapps.com\/en\/","logo":{"@type":"ImageObject","inLanguage":"sl-SI","@id":"https:\/\/senhorapps.com\/en\/#\/schema\/logo\/image\/","url":"https:\/\/senhorapps.com\/wp-content\/uploads\/2024\/09\/cropped-logo-srapps.jpeg","contentUrl":"https:\/\/senhorapps.com\/wp-content\/uploads\/2024\/09\/cropped-logo-srapps.jpeg","width":143,"height":40,"caption":"Senhor Apps"},"image":{"@id":"https:\/\/senhorapps.com\/en\/#\/schema\/logo\/image\/"}}]}},"_links":{"self":[{"href":"https:\/\/senhorapps.com\/sl\/wp-json\/wp\/v2\/pages\/55","targetHints":{"allow":["GET"]}}],"collection":[{"href":"https:\/\/senhorapps.com\/sl\/wp-json\/wp\/v2\/pages"}],"about":[{"href":"https:\/\/senhorapps.com\/sl\/wp-json\/wp\/v2\/types\/page"}],"author":[{"embeddable":true,"href":"https:\/\/senhorapps.com\/sl\/wp-json\/wp\/v2\/users\/10"}],"replies":[{"embeddable":true,"href":"https:\/\/senhorapps.com\/sl\/wp-json\/wp\/v2\/comments?post=55"}],"version-history":[{"count":0,"href":"https:\/\/senhorapps.com\/sl\/wp-json\/wp\/v2\/pages\/55\/revisions"}],"wp:attachment":[{"href":"https:\/\/senhorapps.com\/sl\/wp-json\/wp\/v2\/media?parent=55"}],"curies":[{"name":"delovni list","href":"https:\/\/api.w.org\/{rel}","templated":true}]}}