{"id":60,"date":"2024-02-27T14:39:51","date_gmt":"2024-02-27T17:39:51","guid":{"rendered":"https:\/\/senhorapps.com\/?page_id=60"},"modified":"2024-02-27T14:39:51","modified_gmt":"2024-02-27T17:39:51","slug":"termos-e-condicoes","status":"publish","type":"page","link":"https:\/\/senhorapps.com\/sl\/termos-e-condicoes\/","title":{"rendered":"Pogoji in dolo\u010dila"},"content":{"rendered":"<h2><span style=\"color: rgb(68, 68, 68);\">1. Pogoji<\/span><\/h2><p><span style=\"color: rgb(68, 68, 68);\">Pri dostopu do spletne strani <a href=\"https:\/\/senhorapps.com\/sl\/\">Lord Apps<\/a>, se strinjate, da boste upo\u0161tevali te pogoje storitve, vse veljavne zakone in predpise ter se strinjate, da ste odgovorni za skladnost z vsemi veljavnimi lokalnimi zakoni. \u010ce se ne strinjate s katerim od teh pogojev, vam je prepovedana uporaba ali dostop do tega mesta. Gradivo na tej spletni strani je za\u0161\u010diteno z veljavno zakonodajo o avtorskih pravicah in blagovnih znamkah.<\/span><\/p><h2><span style=\"color: rgb(68, 68, 68);\">2. Uporabite licenco<\/span><\/h2><p><span style=\"color: rgb(68, 68, 68);\">Dovoljeno je za\u010dasno prenesti eno kopijo gradiva (informacij ali programske opreme) na spletno mesto Senhor Apps samo za osebno, nekomercialno prehodno ogledovanje. To je podelitev licence, ne prenos lastni\u0161tva, in v skladu s to licenco ne smete:&nbsp;<\/span><\/p><ol><li><span style=\"color: rgb(68, 68, 68);\">spreminjati ali kopirati materiale;&nbsp;<\/span><\/li><li><span style=\"color: rgb(68, 68, 68);\">uporabljati materiale za kakr\u0161ne koli komercialne namene ali za kakr\u0161no koli javno prikazovanje (komercialno ali nekomercialno);&nbsp;<\/span><\/li><li><span style=\"color: rgb(68, 68, 68);\">posku\u0161ati dekompilirati ali izvajati obratni in\u017eeniring katere koli programske opreme na spletnem mestu Senhor Apps;&nbsp;<\/span><\/li><li><span style=\"color: rgb(68, 68, 68);\">odstraniti morebitne avtorske ali druge lastni\u0161ke oznake iz materialov; oz&nbsp;<\/span><\/li><li><span style=\"color: rgb(68, 68, 68);\">prenesti materiale na drugo osebo ali &#039;zrcaliti&#039; materiale na katerem koli drugem stre\u017eniku.<\/span><\/li><\/ol><p><span style=\"color: rgb(68, 68, 68);\">Ta licenca samodejno preneha veljati, \u010de kr\u0161ite katero koli od teh omejitev in jo lahko Senhor Apps kadar koli prekine. Po prekinitvi ogledovanja teh gradiv ali po prenehanju veljavnosti te licence morate uni\u010diti vsa prenesena gradiva, ki jih imate, v elektronski ali tiskani obliki.<\/span><\/p><h2><span style=\"color: rgb(68, 68, 68);\">3. Zavrnitev odgovornosti<\/span><\/h2><ol><li><span style=\"color: rgb(68, 68, 68);\">Gradiva na spletnem mestu Senhor Apps so na voljo &quot;tak\u0161na, kot so&quot;. Senhor Apps ne daje nobenih jamstev, izrecnih ali implicitnih, in s tem zavra\u010da in zanika vsa druga jamstva, vklju\u010dno brez omejitev z implicitnimi jamstvi ali pogoji primernosti za prodajo, primernosti za dolo\u010den namen ali nekr\u0161itve intelektualne lastnine ali druge kr\u0161itve pravic.<\/span><\/li><li><span style=\"color: rgb(68, 68, 68);\">Poleg tega Senhor Apps ne jam\u010di ali daje nobenih izjav v zvezi s to\u010dnostjo, verjetnimi rezultati ali zanesljivostjo uporabe materialov na svojem spletnem mestu ali druga\u010de povezanih s tak\u0161nimi materiali ali na katerem koli mestu, povezanem s tem mestom.<\/span><\/li><\/ol><h2><span style=\"color: rgb(68, 68, 68);\">4. Omejitve<\/span><\/h2><p><span style=\"color: rgb(68, 68, 68);\">V nobenem primeru Senhor Apps ali njegovi dobavitelji niso odgovorni za kakr\u0161no koli \u0161kodo (vklju\u010dno, brez omejitev, \u0161kodo zaradi izgube podatkov ali dobi\u010dka ali zaradi prekinitve poslovanja), ki izhaja iz uporabe ali nezmo\u017enosti uporabe materialov na Senhor Apps, tudi \u010de je bil Senhor Apps ali poobla\u0161\u010deni zastopnik Senhor Apps ustno ali pisno obve\u0161\u010den o mo\u017enosti tak\u0161ne \u0161kode. Ker nekatere jurisdikcije ne dovoljujejo omejitev implicitnih jamstev ali omejitev odgovornosti za posledi\u010dno ali naklju\u010dno \u0161kodo, te omejitve morda ne veljajo za vas.<\/span><\/p><h2><span style=\"color: rgb(68, 68, 68);\">5. Natan\u010dnost materialov<\/span><\/h2><p><span style=\"color: rgb(68, 68, 68);\">Gradivo, prikazano na spletnem mestu Senhor Apps, lahko vklju\u010duje tehni\u010dne, tipografske ali fotografske napake. Senhor Apps ne jam\u010di, da je kateri koli material na njegovem spletnem mestu to\u010den, popoln ali aktualen. Senhor Apps lahko kadar koli brez predhodnega obvestila spremeni gradivo na svojem spletnem mestu. Vendar se Senhor Apps ne zavezuje, da bo posodabljal materiale.<\/span><\/p><h2><span style=\"color: rgb(68, 68, 68);\">6. Povezave<\/span><\/h2><p><span style=\"color: rgb(68, 68, 68);\">Senhor Apps ni pregledal vseh spletnih mest, povezanih s svojim spletnim mestom, in ni odgovoren za vsebino katerega koli takega povezanega spletnega mesta. Vklju\u010ditev katere koli povezave ne pomeni, da Senhor Apps podpira spletno mesto. Uporaba katere koli povezane spletne strani je na lastno odgovornost uporabnika.<\/span><\/p><p><br><\/p><h3><span style=\"color: rgb(68, 68, 68);\">Spremembe<\/span><\/h3><p><span style=\"color: rgb(68, 68, 68);\">Senhor Apps lahko te pogoje storitve za svoje spletno mesto kadar koli spremeni brez predhodnega obvestila. Z uporabo tega spletnega mesta se strinjate, da vas zavezuje trenutna razli\u010dica teh pogojev storitve.<\/span><\/p><h3><span style=\"color: rgb(68, 68, 68);\">Veljavno pravo<\/span><\/h3><p><span style=\"color: rgb(68, 68, 68);\">Ta dolo\u010dila in pogoji so urejeni in razlo\u017eeni v skladu z zakoni Senhor Apps, vi pa se nepreklicno podrejate izklju\u010dni pristojnosti sodi\u0161\u010d v tej dr\u017eavi ali na tej lokaciji.<\/span><\/p>","protected":false},"excerpt":{"rendered":"<p>1. Pogoji Z dostopom do spletnega mesta Senhor Apps se strinjate, da boste upo\u0161tevali te pogoje storitve, vse veljavne zakone in predpise ter da ste odgovorni za skladnost z vsemi veljavnimi lokalnimi zakoni. \u010ce se s katerim koli od teh pogojev ne strinjate, vam je prepovedana uporaba ali dostop do tega spletnega mesta. Gradiva na tem spletnem mestu \u2026 <\/p>","protected":false},"author":10,"featured_media":0,"parent":0,"menu_order":0,"comment_status":"closed","ping_status":"closed","template":"","meta":{"footnotes":""},"class_list":["post-60","page","type-page","status-publish","hentry","latest_post"],"yoast_head":"<!-- This site is optimized with the Yoast SEO plugin v26.8 - https:\/\/yoast.com\/product\/yoast-seo-wordpress\/ -->\n<title>Termos e Condi\u00e7\u00f5es - Senhor Apps<\/title>\n<meta name=\"robots\" content=\"index, follow, max-snippet:-1, max-image-preview:large, max-video-preview:-1\" \/>\n<link rel=\"canonical\" href=\"https:\/\/senhorapps.com\/sl\/termos-e-condicoes\/\" \/>\n<meta property=\"og:locale\" content=\"sl_SI\" \/>\n<meta property=\"og:type\" content=\"article\" \/>\n<meta property=\"og:title\" content=\"Termos e Condi\u00e7\u00f5es - Senhor Apps\" \/>\n<meta property=\"og:description\" content=\"1. Termos Ao acessar ao site Senhor Apps, concorda em cumprir estes termos de servi\u00e7o, todas as leis e regulamentos aplic\u00e1veis \u200b\u200be concorda que \u00e9 respons\u00e1vel pelo cumprimento de todas as leis locais aplic\u00e1veis. Se voc\u00ea n\u00e3o concordar com algum desses termos, est\u00e1 proibido de usar ou acessar este site. Os materiais contidos neste site &hellip;\" \/>\n<meta property=\"og:url\" content=\"https:\/\/senhorapps.com\/sl\/termos-e-condicoes\/\" \/>\n<meta property=\"og:site_name\" content=\"Senhor Apps\" \/>\n<meta name=\"twitter:card\" content=\"summary_large_image\" \/>\n<meta name=\"twitter:label1\" content=\"Est. reading time\" \/>\n\t<meta name=\"twitter:data1\" content=\"3 minute\" \/>\n<script type=\"application\/ld+json\" class=\"yoast-schema-graph\">{\"@context\":\"https:\/\/schema.org\",\"@graph\":[{\"@type\":\"WebPage\",\"@id\":\"https:\/\/senhorapps.com\/termos-e-condicoes\/\",\"url\":\"https:\/\/senhorapps.com\/termos-e-condicoes\/\",\"name\":\"Termos e Condi\u00e7\u00f5es - Senhor Apps\",\"isPartOf\":{\"@id\":\"https:\/\/senhorapps.com\/en\/#website\"},\"datePublished\":\"2024-02-27T17:39:51+00:00\",\"breadcrumb\":{\"@id\":\"https:\/\/senhorapps.com\/termos-e-condicoes\/#breadcrumb\"},\"inLanguage\":\"sl-SI\",\"potentialAction\":[{\"@type\":\"ReadAction\",\"target\":[\"https:\/\/senhorapps.com\/termos-e-condicoes\/\"]}]},{\"@type\":\"BreadcrumbList\",\"@id\":\"https:\/\/senhorapps.com\/termos-e-condicoes\/#breadcrumb\",\"itemListElement\":[{\"@type\":\"ListItem\",\"position\":1,\"name\":\"Home\",\"item\":\"https:\/\/senhorapps.com\/en\/\"},{\"@type\":\"ListItem\",\"position\":2,\"name\":\"Termos e Condi\u00e7\u00f5es\"}]},{\"@type\":\"WebSite\",\"@id\":\"https:\/\/senhorapps.com\/en\/#website\",\"url\":\"https:\/\/senhorapps.com\/en\/\",\"name\":\"Senhor Apps\",\"description\":\"\",\"publisher\":{\"@id\":\"https:\/\/senhorapps.com\/en\/#organization\"},\"potentialAction\":[{\"@type\":\"SearchAction\",\"target\":{\"@type\":\"EntryPoint\",\"urlTemplate\":\"https:\/\/senhorapps.com\/en\/?s={search_term_string}\"},\"query-input\":{\"@type\":\"PropertyValueSpecification\",\"valueRequired\":true,\"valueName\":\"search_term_string\"}}],\"inLanguage\":\"sl-SI\"},{\"@type\":\"Organization\",\"@id\":\"https:\/\/senhorapps.com\/en\/#organization\",\"name\":\"Senhor Apps\",\"url\":\"https:\/\/senhorapps.com\/en\/\",\"logo\":{\"@type\":\"ImageObject\",\"inLanguage\":\"sl-SI\",\"@id\":\"https:\/\/senhorapps.com\/en\/#\/schema\/logo\/image\/\",\"url\":\"https:\/\/senhorapps.com\/wp-content\/uploads\/2024\/09\/cropped-logo-srapps.jpeg\",\"contentUrl\":\"https:\/\/senhorapps.com\/wp-content\/uploads\/2024\/09\/cropped-logo-srapps.jpeg\",\"width\":143,\"height\":40,\"caption\":\"Senhor Apps\"},\"image\":{\"@id\":\"https:\/\/senhorapps.com\/en\/#\/schema\/logo\/image\/\"}}]}<\/script>\n<!-- \/ Yoast SEO plugin. -->","yoast_head_json":{"title":"Pogoji poslovanja - Senhor Apps","robots":{"index":"index","follow":"follow","max-snippet":"max-snippet:-1","max-image-preview":"max-image-preview:large","max-video-preview":"max-video-preview:-1"},"canonical":"https:\/\/senhorapps.com\/sl\/termos-e-condicoes\/","og_locale":"sl_SI","og_type":"article","og_title":"Termos e Condi\u00e7\u00f5es - Senhor Apps","og_description":"1. Termos Ao acessar ao site Senhor Apps, concorda em cumprir estes termos de servi\u00e7o, todas as leis e regulamentos aplic\u00e1veis \u200b\u200be concorda que \u00e9 respons\u00e1vel pelo cumprimento de todas as leis locais aplic\u00e1veis. Se voc\u00ea n\u00e3o concordar com algum desses termos, est\u00e1 proibido de usar ou acessar este site. Os materiais contidos neste site &hellip;","og_url":"https:\/\/senhorapps.com\/sl\/termos-e-condicoes\/","og_site_name":"Senhor Apps","twitter_card":"summary_large_image","twitter_misc":{"Est. reading time":"3 minute"},"schema":{"@context":"https:\/\/schema.org","@graph":[{"@type":"WebPage","@id":"https:\/\/senhorapps.com\/termos-e-condicoes\/","url":"https:\/\/senhorapps.com\/termos-e-condicoes\/","name":"Pogoji poslovanja - Senhor Apps","isPartOf":{"@id":"https:\/\/senhorapps.com\/en\/#website"},"datePublished":"2024-02-27T17:39:51+00:00","breadcrumb":{"@id":"https:\/\/senhorapps.com\/termos-e-condicoes\/#breadcrumb"},"inLanguage":"sl-SI","potentialAction":[{"@type":"ReadAction","target":["https:\/\/senhorapps.com\/termos-e-condicoes\/"]}]},{"@type":"BreadcrumbList","@id":"https:\/\/senhorapps.com\/termos-e-condicoes\/#breadcrumb","itemListElement":[{"@type":"ListItem","position":1,"name":"Home","item":"https:\/\/senhorapps.com\/en\/"},{"@type":"ListItem","position":2,"name":"Termos e Condi\u00e7\u00f5es"}]},{"@type":"WebSite","@id":"https:\/\/senhorapps.com\/en\/#website","url":"https:\/\/senhorapps.com\/en\/","name":"Lord Apps","description":"","publisher":{"@id":"https:\/\/senhorapps.com\/en\/#organization"},"potentialAction":[{"@type":"SearchAction","target":{"@type":"EntryPoint","urlTemplate":"https:\/\/senhorapps.com\/en\/?s={search_term_string}"},"query-input":{"@type":"PropertyValueSpecification","valueRequired":true,"valueName":"search_term_string"}}],"inLanguage":"sl-SI"},{"@type":"Organization","@id":"https:\/\/senhorapps.com\/en\/#organization","name":"Lord Apps","url":"https:\/\/senhorapps.com\/en\/","logo":{"@type":"ImageObject","inLanguage":"sl-SI","@id":"https:\/\/senhorapps.com\/en\/#\/schema\/logo\/image\/","url":"https:\/\/senhorapps.com\/wp-content\/uploads\/2024\/09\/cropped-logo-srapps.jpeg","contentUrl":"https:\/\/senhorapps.com\/wp-content\/uploads\/2024\/09\/cropped-logo-srapps.jpeg","width":143,"height":40,"caption":"Senhor Apps"},"image":{"@id":"https:\/\/senhorapps.com\/en\/#\/schema\/logo\/image\/"}}]}},"_links":{"self":[{"href":"https:\/\/senhorapps.com\/sl\/wp-json\/wp\/v2\/pages\/60","targetHints":{"allow":["GET"]}}],"collection":[{"href":"https:\/\/senhorapps.com\/sl\/wp-json\/wp\/v2\/pages"}],"about":[{"href":"https:\/\/senhorapps.com\/sl\/wp-json\/wp\/v2\/types\/page"}],"author":[{"embeddable":true,"href":"https:\/\/senhorapps.com\/sl\/wp-json\/wp\/v2\/users\/10"}],"replies":[{"embeddable":true,"href":"https:\/\/senhorapps.com\/sl\/wp-json\/wp\/v2\/comments?post=60"}],"version-history":[{"count":0,"href":"https:\/\/senhorapps.com\/sl\/wp-json\/wp\/v2\/pages\/60\/revisions"}],"wp:attachment":[{"href":"https:\/\/senhorapps.com\/sl\/wp-json\/wp\/v2\/media?parent=60"}],"curies":[{"name":"delovni list","href":"https:\/\/api.w.org\/{rel}","templated":true}]}}