{"id":62,"date":"2024-02-27T14:44:42","date_gmt":"2024-02-27T17:44:42","guid":{"rendered":"https:\/\/senhorapps.com\/?page_id=62"},"modified":"2024-02-27T14:44:42","modified_gmt":"2024-02-27T17:44:42","slug":"sobre","status":"publish","type":"page","link":"https:\/\/senhorapps.com\/sr\/sobre\/","title":{"rendered":"\u041e\u043d"},"content":{"rendered":"<p>\u0414\u043e\u0431\u0440\u043e\u0434\u043e\u0448\u043b\u0438 \u0443 \u0421\u0435\u043d\u0445\u043e\u0440 \u0410\u043f\u043f\u0441!<\/p>\n\n\n\n<p>\u041c\u0438 \u0441\u043c\u043e \u043f\u043e\u0440\u0442\u0430\u043b \u0438\u043d\u0444\u043e\u0440\u043c\u0430\u0446\u0438\u0458\u0430, \u0437\u0430\u0431\u0430\u0432\u0435 \u0438 \u043c\u043d\u043e\u0433\u0438\u0445 \u0441\u0430\u0432\u0435\u0442\u0430 \u0441\u0430 \u0432\u0435\u043b\u0438\u043a\u043e\u043c \u043e\u0434\u0433\u043e\u0432\u043e\u0440\u043d\u043e\u0448\u045b\u0443 \u0438 \u0432\u043b\u0430\u0441\u043d\u0438\u0448\u0442\u0432\u043e\u043c \u0443 \u043e\u043d\u043e\u043c\u0435 \u0448\u0442\u043e \u043e\u0431\u0430\u0432\u0435\u0448\u0442\u0430\u0432\u0430\u043c\u043e \u0443 \u043d\u0430\u0448\u0438\u043c \u043c\u0435\u0434\u0438\u0458\u0438\u043c\u0430.<\/p>\n\n\n\n<p>\u041d\u0430\u0448 \u0446\u0438\u0459 \u0458\u0435 \u0434\u0430 \u0438\u0441\u043f\u043e\u0440\u0443\u0447\u0438\u043c\u043e \u043d\u0430\u0458\u0431\u043e\u0459\u0438 \u0441\u0430\u0434\u0440\u0436\u0430\u0458, \u0441\u0430 \u0458\u0430\u0441\u043d\u043e\u045b\u043e\u043c, \u043f\u0440\u043e\u0444\u0435\u0441\u0438\u043e\u043d\u0430\u043b\u043d\u043e\u0448\u045b\u0443 \u0438 \u0431\u0440\u0437\u0438\u043d\u043e\u043c.<\/p>\n\n\n\n<p>\u0416\u0435\u043b\u0438\u043c\u043e \u0434\u0430 \u043d\u0430\u0448\u0435 \u043a\u043e\u0440\u0438\u0441\u043d\u0438\u043a\u0435 \u043e\u0431\u0430\u0432\u0435\u0448\u0442\u0430\u0432\u0430\u043c\u043e \u043e \u0441\u0432\u0435\u043c\u0443 \u0448\u0442\u043e \u0441\u0435 \u0434\u0435\u0448\u0430\u0432\u0430 \u0443 \u0441\u0432\u0435\u0442\u0443.<\/p>\n\n\n\n<p>\u0410\u043a\u043e \u0432\u0430\u043c \u0458\u0435 \u043f\u043e\u0442\u0440\u0435\u0431\u043d\u043e, \u043f\u043e\u0448\u0430\u0459\u0438\u0442\u0435 \u043d\u0430\u043c \u0435-\u043f\u043e\u0448\u0442\u0443 <a href=\"https:\/\/senhorapps.com\/sr\/contato\/\">\u043f\u043e\u0440\u0443\u043a\u0430<\/a>, \u0431\u0438\u045b\u0435 \u043c\u0438 \u0437\u0430\u0434\u043e\u0432\u043e\u0459\u0441\u0442\u0432\u043e \u043e\u0434\u0433\u043e\u0432\u043e\u0440\u0438\u0442\u0438.<\/p>\n\n\n\n<p>\u0414\u043e\u0431\u0440\u043e\u0434\u043e\u0448\u043b\u0438 \u0441\u0432\u0438\u043c\u0430\u00a0<a href=\"https:\/\/senhorapps.com\/sr\/\">\u0433. \u0410\u043f\u043f\u0441<\/a>!!<\/p>","protected":false},"excerpt":{"rendered":"<p>Sejam bem vindos ao Senhor Apps! Somos um portal de informa\u00e7\u00f5es, entretenimento e muitas dicas com muita responsabilidade e propriedade no que informa em seus meios de comunica\u00e7\u00e3o. Temos como objetivo, entregar o melhor conte\u00fado , com clareza, profissionalismo e muita rapidez. Queremos manter nossos usu\u00e1rios atualizados sobre tudo o que acontece no mundo. Caso &hellip; <\/p>","protected":false},"author":10,"featured_media":0,"parent":0,"menu_order":0,"comment_status":"closed","ping_status":"closed","template":"","meta":{"footnotes":""},"class_list":["post-62","page","type-page","status-publish","hentry","latest_post"],"yoast_head":"<!-- This site is optimized with the Yoast SEO plugin v26.8 - https:\/\/yoast.com\/product\/yoast-seo-wordpress\/ -->\n<title>Sobre - Senhor Apps<\/title>\n<meta name=\"robots\" content=\"index, follow, max-snippet:-1, max-image-preview:large, max-video-preview:-1\" \/>\n<link rel=\"canonical\" href=\"https:\/\/senhorapps.com\/sr\/sobre\/\" \/>\n<meta property=\"og:locale\" content=\"sr_RS\" \/>\n<meta property=\"og:type\" content=\"article\" \/>\n<meta property=\"og:title\" content=\"Sobre - Senhor Apps\" \/>\n<meta property=\"og:description\" content=\"Sejam bem vindos ao Senhor Apps! Somos um portal de informa\u00e7\u00f5es, entretenimento e muitas dicas com muita responsabilidade e propriedade no que informa em seus meios de comunica\u00e7\u00e3o. Temos como objetivo, entregar o melhor conte\u00fado , com clareza, profissionalismo e muita rapidez. Queremos manter nossos usu\u00e1rios atualizados sobre tudo o que acontece no mundo. Caso &hellip;\" \/>\n<meta property=\"og:url\" content=\"https:\/\/senhorapps.com\/sr\/sobre\/\" \/>\n<meta property=\"og:site_name\" content=\"Senhor Apps\" \/>\n<meta name=\"twitter:card\" content=\"summary_large_image\" \/>\n<script type=\"application\/ld+json\" class=\"yoast-schema-graph\">{\"@context\":\"https:\/\/schema.org\",\"@graph\":[{\"@type\":\"WebPage\",\"@id\":\"https:\/\/senhorapps.com\/sobre\/\",\"url\":\"https:\/\/senhorapps.com\/sobre\/\",\"name\":\"Sobre - Senhor Apps\",\"isPartOf\":{\"@id\":\"https:\/\/senhorapps.com\/en\/#website\"},\"datePublished\":\"2024-02-27T17:44:42+00:00\",\"breadcrumb\":{\"@id\":\"https:\/\/senhorapps.com\/sobre\/#breadcrumb\"},\"inLanguage\":\"sr-RS\",\"potentialAction\":[{\"@type\":\"ReadAction\",\"target\":[\"https:\/\/senhorapps.com\/sobre\/\"]}]},{\"@type\":\"BreadcrumbList\",\"@id\":\"https:\/\/senhorapps.com\/sobre\/#breadcrumb\",\"itemListElement\":[{\"@type\":\"ListItem\",\"position\":1,\"name\":\"Home\",\"item\":\"https:\/\/senhorapps.com\/en\/\"},{\"@type\":\"ListItem\",\"position\":2,\"name\":\"Sobre\"}]},{\"@type\":\"WebSite\",\"@id\":\"https:\/\/senhorapps.com\/en\/#website\",\"url\":\"https:\/\/senhorapps.com\/en\/\",\"name\":\"Senhor Apps\",\"description\":\"\",\"publisher\":{\"@id\":\"https:\/\/senhorapps.com\/en\/#organization\"},\"potentialAction\":[{\"@type\":\"SearchAction\",\"target\":{\"@type\":\"EntryPoint\",\"urlTemplate\":\"https:\/\/senhorapps.com\/en\/?s={search_term_string}\"},\"query-input\":{\"@type\":\"PropertyValueSpecification\",\"valueRequired\":true,\"valueName\":\"search_term_string\"}}],\"inLanguage\":\"sr-RS\"},{\"@type\":\"Organization\",\"@id\":\"https:\/\/senhorapps.com\/en\/#organization\",\"name\":\"Senhor Apps\",\"url\":\"https:\/\/senhorapps.com\/en\/\",\"logo\":{\"@type\":\"ImageObject\",\"inLanguage\":\"sr-RS\",\"@id\":\"https:\/\/senhorapps.com\/en\/#\/schema\/logo\/image\/\",\"url\":\"https:\/\/senhorapps.com\/wp-content\/uploads\/2024\/09\/cropped-logo-srapps.jpeg\",\"contentUrl\":\"https:\/\/senhorapps.com\/wp-content\/uploads\/2024\/09\/cropped-logo-srapps.jpeg\",\"width\":143,\"height\":40,\"caption\":\"Senhor Apps\"},\"image\":{\"@id\":\"https:\/\/senhorapps.com\/en\/#\/schema\/logo\/image\/\"}}]}<\/script>\n<!-- \/ Yoast SEO plugin. -->","yoast_head_json":{"title":"Sobre - Senhor Apps","robots":{"index":"index","follow":"follow","max-snippet":"max-snippet:-1","max-image-preview":"max-image-preview:large","max-video-preview":"max-video-preview:-1"},"canonical":"https:\/\/senhorapps.com\/sr\/sobre\/","og_locale":"sr_RS","og_type":"article","og_title":"Sobre - Senhor Apps","og_description":"Sejam bem vindos ao Senhor Apps! Somos um portal de informa\u00e7\u00f5es, entretenimento e muitas dicas com muita responsabilidade e propriedade no que informa em seus meios de comunica\u00e7\u00e3o. Temos como objetivo, entregar o melhor conte\u00fado , com clareza, profissionalismo e muita rapidez. Queremos manter nossos usu\u00e1rios atualizados sobre tudo o que acontece no mundo. Caso &hellip;","og_url":"https:\/\/senhorapps.com\/sr\/sobre\/","og_site_name":"Senhor Apps","twitter_card":"summary_large_image","schema":{"@context":"https:\/\/schema.org","@graph":[{"@type":"WebPage","@id":"https:\/\/senhorapps.com\/sobre\/","url":"https:\/\/senhorapps.com\/sobre\/","name":"Sobre - Senhor Apps","isPartOf":{"@id":"https:\/\/senhorapps.com\/en\/#website"},"datePublished":"2024-02-27T17:44:42+00:00","breadcrumb":{"@id":"https:\/\/senhorapps.com\/sobre\/#breadcrumb"},"inLanguage":"sr-RS","potentialAction":[{"@type":"ReadAction","target":["https:\/\/senhorapps.com\/sobre\/"]}]},{"@type":"BreadcrumbList","@id":"https:\/\/senhorapps.com\/sobre\/#breadcrumb","itemListElement":[{"@type":"ListItem","position":1,"name":"Home","item":"https:\/\/senhorapps.com\/en\/"},{"@type":"ListItem","position":2,"name":"Sobre"}]},{"@type":"WebSite","@id":"https:\/\/senhorapps.com\/en\/#website","url":"https:\/\/senhorapps.com\/en\/","name":"\u0433. \u0410\u043f\u043f\u0441","description":"","publisher":{"@id":"https:\/\/senhorapps.com\/en\/#organization"},"potentialAction":[{"@type":"SearchAction","target":{"@type":"EntryPoint","urlTemplate":"https:\/\/senhorapps.com\/en\/?s={search_term_string}"},"query-input":{"@type":"PropertyValueSpecification","valueRequired":true,"valueName":"search_term_string"}}],"inLanguage":"sr-RS"},{"@type":"Organization","@id":"https:\/\/senhorapps.com\/en\/#organization","name":"\u0433. \u0410\u043f\u043f\u0441","url":"https:\/\/senhorapps.com\/en\/","logo":{"@type":"ImageObject","inLanguage":"sr-RS","@id":"https:\/\/senhorapps.com\/en\/#\/schema\/logo\/image\/","url":"https:\/\/senhorapps.com\/wp-content\/uploads\/2024\/09\/cropped-logo-srapps.jpeg","contentUrl":"https:\/\/senhorapps.com\/wp-content\/uploads\/2024\/09\/cropped-logo-srapps.jpeg","width":143,"height":40,"caption":"Senhor Apps"},"image":{"@id":"https:\/\/senhorapps.com\/en\/#\/schema\/logo\/image\/"}}]}},"_links":{"self":[{"href":"https:\/\/senhorapps.com\/sr\/wp-json\/wp\/v2\/pages\/62","targetHints":{"allow":["GET"]}}],"collection":[{"href":"https:\/\/senhorapps.com\/sr\/wp-json\/wp\/v2\/pages"}],"about":[{"href":"https:\/\/senhorapps.com\/sr\/wp-json\/wp\/v2\/types\/page"}],"author":[{"embeddable":true,"href":"https:\/\/senhorapps.com\/sr\/wp-json\/wp\/v2\/users\/10"}],"replies":[{"embeddable":true,"href":"https:\/\/senhorapps.com\/sr\/wp-json\/wp\/v2\/comments?post=62"}],"version-history":[{"count":0,"href":"https:\/\/senhorapps.com\/sr\/wp-json\/wp\/v2\/pages\/62\/revisions"}],"wp:attachment":[{"href":"https:\/\/senhorapps.com\/sr\/wp-json\/wp\/v2\/media?parent=62"}],"curies":[{"name":"\u0412\u041f","href":"https:\/\/api.w.org\/{rel}","templated":true}]}}