{"id":62,"date":"2024-02-27T14:44:42","date_gmt":"2024-02-27T17:44:42","guid":{"rendered":"https:\/\/senhorapps.com\/?page_id=62"},"modified":"2024-02-27T14:44:42","modified_gmt":"2024-02-27T17:44:42","slug":"sobre","status":"publish","type":"page","link":"https:\/\/senhorapps.com\/tr\/sobre\/","title":{"rendered":"A\u00e7\u0131k"},"content":{"rendered":"<p>Senhor Apps&#039;a ho\u015f geldiniz!<\/p>\n\n\n\n<p>Biz, medyam\u0131zda aktard\u0131klar\u0131m\u0131z\u0131 b\u00fcy\u00fck bir sorumluluk ve sahipli\u011fe sahip bir bilgi, e\u011flence ve bir\u00e7ok ipucu portal\u0131y\u0131z.<\/p>\n\n\n\n<p>Amac\u0131m\u0131z en iyi i\u00e7eri\u011fi net, profesyonel ve \u00e7ok h\u0131zl\u0131 bir \u015fekilde sunmakt\u0131r.<\/p>\n\n\n\n<p>Kullan\u0131c\u0131lar\u0131m\u0131z\u0131 d\u00fcnyada olup biten her \u015feyden haberdar etmek istiyoruz.<\/p>\n\n\n\n<p>Gerekirse bize g\u00f6nderin <a href=\"https:\/\/senhorapps.com\/tr\/contato\/\">mesaj<\/a>, yan\u0131t vermek bir zevk olacakt\u0131r.<\/p>\n\n\n\n<p>Herkese ho\u015f geldiniz\u00a0<a href=\"https:\/\/senhorapps.com\/tr\/\">Lord Uygulamalar\u0131<\/a>!!<\/p>","protected":false},"excerpt":{"rendered":"<p>Sejam bem vindos ao Senhor Apps! Somos um portal de informa\u00e7\u00f5es, entretenimento e muitas dicas com muita responsabilidade e propriedade no que informa em seus meios de comunica\u00e7\u00e3o. Temos como objetivo, entregar o melhor conte\u00fado , com clareza, profissionalismo e muita rapidez. Queremos manter nossos usu\u00e1rios atualizados sobre tudo o que acontece no mundo. Caso &hellip; <\/p>","protected":false},"author":10,"featured_media":0,"parent":0,"menu_order":0,"comment_status":"closed","ping_status":"closed","template":"","meta":{"footnotes":""},"class_list":["post-62","page","type-page","status-publish","hentry","latest_post"],"yoast_head":"<!-- This site is optimized with the Yoast SEO plugin v26.8 - https:\/\/yoast.com\/product\/yoast-seo-wordpress\/ -->\n<title>Sobre - Senhor Apps<\/title>\n<meta name=\"robots\" content=\"index, follow, max-snippet:-1, max-image-preview:large, max-video-preview:-1\" \/>\n<link rel=\"canonical\" href=\"https:\/\/senhorapps.com\/tr\/sobre\/\" \/>\n<meta property=\"og:locale\" content=\"tr_TR\" \/>\n<meta property=\"og:type\" content=\"article\" \/>\n<meta property=\"og:title\" content=\"Sobre - Senhor Apps\" \/>\n<meta property=\"og:description\" content=\"Sejam bem vindos ao Senhor Apps! Somos um portal de informa\u00e7\u00f5es, entretenimento e muitas dicas com muita responsabilidade e propriedade no que informa em seus meios de comunica\u00e7\u00e3o. Temos como objetivo, entregar o melhor conte\u00fado , com clareza, profissionalismo e muita rapidez. Queremos manter nossos usu\u00e1rios atualizados sobre tudo o que acontece no mundo. Caso &hellip;\" \/>\n<meta property=\"og:url\" content=\"https:\/\/senhorapps.com\/tr\/sobre\/\" \/>\n<meta property=\"og:site_name\" content=\"Senhor Apps\" \/>\n<meta name=\"twitter:card\" content=\"summary_large_image\" \/>\n<script type=\"application\/ld+json\" class=\"yoast-schema-graph\">{\"@context\":\"https:\/\/schema.org\",\"@graph\":[{\"@type\":\"WebPage\",\"@id\":\"https:\/\/senhorapps.com\/sobre\/\",\"url\":\"https:\/\/senhorapps.com\/sobre\/\",\"name\":\"Sobre - Senhor Apps\",\"isPartOf\":{\"@id\":\"https:\/\/senhorapps.com\/en\/#website\"},\"datePublished\":\"2024-02-27T17:44:42+00:00\",\"breadcrumb\":{\"@id\":\"https:\/\/senhorapps.com\/sobre\/#breadcrumb\"},\"inLanguage\":\"tr\",\"potentialAction\":[{\"@type\":\"ReadAction\",\"target\":[\"https:\/\/senhorapps.com\/sobre\/\"]}]},{\"@type\":\"BreadcrumbList\",\"@id\":\"https:\/\/senhorapps.com\/sobre\/#breadcrumb\",\"itemListElement\":[{\"@type\":\"ListItem\",\"position\":1,\"name\":\"Home\",\"item\":\"https:\/\/senhorapps.com\/en\/\"},{\"@type\":\"ListItem\",\"position\":2,\"name\":\"Sobre\"}]},{\"@type\":\"WebSite\",\"@id\":\"https:\/\/senhorapps.com\/en\/#website\",\"url\":\"https:\/\/senhorapps.com\/en\/\",\"name\":\"Senhor Apps\",\"description\":\"\",\"publisher\":{\"@id\":\"https:\/\/senhorapps.com\/en\/#organization\"},\"potentialAction\":[{\"@type\":\"SearchAction\",\"target\":{\"@type\":\"EntryPoint\",\"urlTemplate\":\"https:\/\/senhorapps.com\/en\/?s={search_term_string}\"},\"query-input\":{\"@type\":\"PropertyValueSpecification\",\"valueRequired\":true,\"valueName\":\"search_term_string\"}}],\"inLanguage\":\"tr\"},{\"@type\":\"Organization\",\"@id\":\"https:\/\/senhorapps.com\/en\/#organization\",\"name\":\"Senhor Apps\",\"url\":\"https:\/\/senhorapps.com\/en\/\",\"logo\":{\"@type\":\"ImageObject\",\"inLanguage\":\"tr\",\"@id\":\"https:\/\/senhorapps.com\/en\/#\/schema\/logo\/image\/\",\"url\":\"https:\/\/senhorapps.com\/wp-content\/uploads\/2024\/09\/cropped-logo-srapps.jpeg\",\"contentUrl\":\"https:\/\/senhorapps.com\/wp-content\/uploads\/2024\/09\/cropped-logo-srapps.jpeg\",\"width\":143,\"height\":40,\"caption\":\"Senhor Apps\"},\"image\":{\"@id\":\"https:\/\/senhorapps.com\/en\/#\/schema\/logo\/image\/\"}}]}<\/script>\n<!-- \/ Yoast SEO plugin. -->","yoast_head_json":{"title":"Sobre - Senhor Apps","robots":{"index":"index","follow":"follow","max-snippet":"max-snippet:-1","max-image-preview":"max-image-preview:large","max-video-preview":"max-video-preview:-1"},"canonical":"https:\/\/senhorapps.com\/tr\/sobre\/","og_locale":"tr_TR","og_type":"article","og_title":"Sobre - Senhor Apps","og_description":"Sejam bem vindos ao Senhor Apps! Somos um portal de informa\u00e7\u00f5es, entretenimento e muitas dicas com muita responsabilidade e propriedade no que informa em seus meios de comunica\u00e7\u00e3o. Temos como objetivo, entregar o melhor conte\u00fado , com clareza, profissionalismo e muita rapidez. Queremos manter nossos usu\u00e1rios atualizados sobre tudo o que acontece no mundo. Caso &hellip;","og_url":"https:\/\/senhorapps.com\/tr\/sobre\/","og_site_name":"Senhor Apps","twitter_card":"summary_large_image","schema":{"@context":"https:\/\/schema.org","@graph":[{"@type":"WebPage","@id":"https:\/\/senhorapps.com\/sobre\/","url":"https:\/\/senhorapps.com\/sobre\/","name":"Sobre - Senhor Apps","isPartOf":{"@id":"https:\/\/senhorapps.com\/en\/#website"},"datePublished":"2024-02-27T17:44:42+00:00","breadcrumb":{"@id":"https:\/\/senhorapps.com\/sobre\/#breadcrumb"},"inLanguage":"tr","potentialAction":[{"@type":"ReadAction","target":["https:\/\/senhorapps.com\/sobre\/"]}]},{"@type":"BreadcrumbList","@id":"https:\/\/senhorapps.com\/sobre\/#breadcrumb","itemListElement":[{"@type":"ListItem","position":1,"name":"Home","item":"https:\/\/senhorapps.com\/en\/"},{"@type":"ListItem","position":2,"name":"Sobre"}]},{"@type":"WebSite","@id":"https:\/\/senhorapps.com\/en\/#website","url":"https:\/\/senhorapps.com\/en\/","name":"Lord Uygulamalar\u0131","description":"","publisher":{"@id":"https:\/\/senhorapps.com\/en\/#organization"},"potentialAction":[{"@type":"SearchAction","target":{"@type":"EntryPoint","urlTemplate":"https:\/\/senhorapps.com\/en\/?s={search_term_string}"},"query-input":{"@type":"PropertyValueSpecification","valueRequired":true,"valueName":"search_term_string"}}],"inLanguage":"tr"},{"@type":"Organization","@id":"https:\/\/senhorapps.com\/en\/#organization","name":"Lord Uygulamalar\u0131","url":"https:\/\/senhorapps.com\/en\/","logo":{"@type":"ImageObject","inLanguage":"tr","@id":"https:\/\/senhorapps.com\/en\/#\/schema\/logo\/image\/","url":"https:\/\/senhorapps.com\/wp-content\/uploads\/2024\/09\/cropped-logo-srapps.jpeg","contentUrl":"https:\/\/senhorapps.com\/wp-content\/uploads\/2024\/09\/cropped-logo-srapps.jpeg","width":143,"height":40,"caption":"Senhor Apps"},"image":{"@id":"https:\/\/senhorapps.com\/en\/#\/schema\/logo\/image\/"}}]}},"_links":{"self":[{"href":"https:\/\/senhorapps.com\/tr\/wp-json\/wp\/v2\/pages\/62","targetHints":{"allow":["GET"]}}],"collection":[{"href":"https:\/\/senhorapps.com\/tr\/wp-json\/wp\/v2\/pages"}],"about":[{"href":"https:\/\/senhorapps.com\/tr\/wp-json\/wp\/v2\/types\/page"}],"author":[{"embeddable":true,"href":"https:\/\/senhorapps.com\/tr\/wp-json\/wp\/v2\/users\/10"}],"replies":[{"embeddable":true,"href":"https:\/\/senhorapps.com\/tr\/wp-json\/wp\/v2\/comments?post=62"}],"version-history":[{"count":0,"href":"https:\/\/senhorapps.com\/tr\/wp-json\/wp\/v2\/pages\/62\/revisions"}],"wp:attachment":[{"href":"https:\/\/senhorapps.com\/tr\/wp-json\/wp\/v2\/media?parent=62"}],"curies":[{"name":"wp","href":"https:\/\/api.w.org\/{rel}","templated":true}]}}